{"id":25210,"date":"2021-11-25T21:55:48","date_gmt":"2021-11-25T20:55:48","guid":{"rendered":"https:\/\/www.garcar.at\/volitelny-lekar\/"},"modified":"2025-03-29T11:59:31","modified_gmt":"2025-03-29T10:59:31","slug":"volitelny-lekar","status":"publish","type":"page","link":"https:\/\/garcar.at\/sk\/volitelny-lekar\/","title":{"rendered":"Volite\u013en\u00fd lek\u00e1r"},"content":{"rendered":"<p>[et_pb_section fb_built=&#8220;1&#8243; custom_padding_last_edited=&#8220;on|phone&#8220; _builder_version=&#8220;4.16&#8243; background_color=&#8220;#011c3c&#8220; background_enable_image=&#8220;off&#8220; custom_margin=&#8220;0px||||false|false&#8220; custom_padding=&#8220;105px||50px||false|false&#8220; custom_padding_tablet=&#8220;105px||50px||false|false&#8220; custom_padding_phone=&#8220;0px||0px||false|false&#8220; global_colors_info=&#8220;{}&#8220;][et_pb_row column_structure=&#8220;1_2,1_2&#8243; use_custom_gutter=&#8220;on&#8220; gutter_width=&#8220;2&#8243; make_equal=&#8220;on&#8220; custom_padding_last_edited=&#8220;on|phone&#8220; _builder_version=&#8220;4.16&#8243; width=&#8220;90%&#8220; width_tablet=&#8220;90%&#8220; width_phone=&#8220;90%&#8220; width_last_edited=&#8220;on|desktop&#8220; max_width=&#8220;1200px&#8220; max_width_tablet=&#8220;500px&#8220; max_width_phone=&#8220;90%&#8220; max_width_last_edited=&#8220;on|tablet&#8220; custom_margin=&#8220;|auto|-4px|auto|false|false&#8220; custom_margin_tablet=&#8220;|auto|-4px|auto|false|false&#8220; custom_margin_phone=&#8220;|auto|-30px|auto|false|false&#8220; custom_margin_last_edited=&#8220;on|phone&#8220; custom_padding=&#8220;||||false|false&#8220; custom_padding_tablet=&#8220;||||false|false&#8220; custom_padding_phone=&#8220;||0px||false|false&#8220; animation_direction=&#8220;bottom&#8220; global_colors_info=&#8220;{}&#8220;][et_pb_column type=&#8220;1_2&#8243; _builder_version=&#8220;4.16&#8243; background_enable_image=&#8220;off&#8220; background_size=&#8220;initial&#8220; background_repeat=&#8220;repeat&#8220; custom_padding=&#8220;100px||100px||true|false&#8220; global_colors_info=&#8220;{}&#8220; custom_padding__hover=&#8220;|||&#8220;][et_pb_image src=&#8220;https:\/\/garcar.at\/wp-content\/uploads\/2021\/12\/Dizajn-bez-na\u0301zvu-2.png&#8220; title_text=&#8220;Dizajn bez na\u0301zvu (2)&#8220; show_bottom_space=&#8220;off&#8220; align=&#8220;center&#8220; align_tablet=&#8220;left&#8220; align_phone=&#8220;&#8220; align_last_edited=&#8220;on|desktop&#8220; disabled_on=&#8220;on|on|off&#8220; _builder_version=&#8220;4.16&#8243; transform_scale_tablet=&#8220;&#8220; transform_scale_phone=&#8220;&#8220; transform_scale_last_edited=&#8220;on|phone&#8220; transform_translate=&#8220;-30px|0px&#8220; transform_translate_tablet=&#8220;0px|0px&#8220; transform_translate_phone=&#8220;0px|0px&#8220; transform_translate_last_edited=&#8220;on|phone&#8220; transform_translate_linked=&#8220;off&#8220; transform_rotate_tablet=&#8220;&#8220; transform_rotate_phone=&#8220;&#8220; transform_rotate_last_edited=&#8220;on|phone&#8220; transform_skew_tablet=&#8220;&#8220; transform_skew_phone=&#8220;&#8220; transform_skew_last_edited=&#8220;on|phone&#8220; transform_origin_tablet=&#8220;&#8220; transform_origin_phone=&#8220;&#8220; transform_origin_last_edited=&#8220;on|phone&#8220; transform_styles_last_edited=&#8220;on|phone&#8220; max_width=&#8220;522px&#8220; module_alignment=&#8220;center&#8220; custom_margin=&#8220;-54px|||||&#8220; animation_style=&#8220;slide&#8220; animation_direction=&#8220;left&#8220; animation_duration=&#8220;1500ms&#8220; animation_delay=&#8220;500ms&#8220; animation_speed_curve=&#8220;ease&#8220; transform_styles_tablet=&#8220;&#8220; transform_styles_phone=&#8220;&#8220; border_radii=&#8220;off|30px|170px|30px|130px&#8220; global_colors_info=&#8220;{}&#8220;][\/et_pb_image][\/et_pb_column][et_pb_column type=&#8220;1_2&#8243; _builder_version=&#8220;4.16&#8243; custom_padding=&#8220;155px|||40px|false|false&#8220; custom_padding_tablet=&#8220;0px||100px|0px|false|false&#8220; custom_padding_phone=&#8220;20px||100px|0px|false|false&#8220; custom_padding_last_edited=&#8220;on|phone&#8220; animation_style=&#8220;fade&#8220; animation_duration=&#8220;1500ms&#8220; animation_delay=&#8220;1000ms&#8220; animation_speed_curve=&#8220;ease&#8220; global_colors_info=&#8220;{}&#8220; custom_padding__hover=&#8220;|||&#8220;][et_pb_text _builder_version=&#8220;4.16&#8243; header_3_font=&#8220;Sora|700|||||||&#8220; header_3_text_align=&#8220;left&#8220; header_3_text_color=&#8220;#efc55e&#8220; header_3_font_size=&#8220;40px&#8220; header_3_letter_spacing=&#8220;-1px&#8220; header_3_line_height=&#8220;1.3em&#8220; max_width=&#8220;514px&#8220; module_alignment=&#8220;left&#8220; custom_margin=&#8220;-90px||||false|false&#8220; custom_margin_tablet=&#8220;-20px||||false|false&#8220; custom_margin_phone=&#8220;-100px||||false|false&#8220; custom_margin_last_edited=&#8220;on|phone&#8220; header_3_font_size_tablet=&#8220;40px&#8220; header_3_font_size_phone=&#8220;30px&#8220; header_3_font_size_last_edited=&#8220;on|phone&#8220; global_colors_info=&#8220;{}&#8220;]<\/p>\n<h3>Ponuka<\/h3>\n<p>[\/et_pb_text][et_pb_text _builder_version=&#8220;4.27.3&#8243; text_font=&#8220;Sora|300|||||||&#8220; text_text_color=&#8220;#FFFFFF&#8220; text_line_height=&#8220;1.8em&#8220; header_font=&#8220;Muli||||||||&#8220; header_text_color=&#8220;#444444&#8243; header_font_size=&#8220;16px&#8220; header_line_height=&#8220;1.8em&#8220; max_width_tablet=&#8220;100%&#8220; max_width_phone=&#8220;100%&#8220; max_width_last_edited=&#8220;off|desktop&#8220; module_alignment=&#8220;left&#8220; custom_margin=&#8220;-10px||||false|false&#8220; custom_margin_tablet=&#8220;-20px||||false|false&#8220; custom_margin_phone=&#8220;-20px||||false|false&#8220; custom_margin_last_edited=&#8220;on|phone&#8220; global_colors_info=&#8220;{}&#8220;]<\/p>\n<ul>\n<li>Estetick\u00e9 z\u00e1kroky, najm\u00e4 v <strong>oblasti tv\u00e1re<\/strong>: korekcia vr\u00e1sok a asymetri\u00ed alebo lifting botoxom a v\u00fdpl\u0148ov\u00fdmi injekciami &#8211; mo\u017en\u00e9 pod kontrolou ultrazvuku s ove\u013ea v\u00e4\u010d\u0161ou bezpe\u010dnos\u0165ou v celej oblasti tv\u00e1re<\/li>\n<li>vr\u00e1tane <strong>pier<\/strong><\/li>\n<li>ale aj v oblasti <strong>krku<\/strong>, <strong>dekoltu<\/strong>, <strong>hornej \u010dasti pa\u017e\u00ed<\/strong> <strong>a<\/strong> <strong>lak\u0165ov<\/strong>, <strong>brucha<\/strong>, <strong>stehien<\/strong> a <strong>zadku<\/strong> &#8211; a tie\u017e na stimul\u00e1ciu zlep\u0161enia kvality poko\u017eky (<strong>striae, celulit\u00edda, vypnutie poko\u017eky<\/strong>), zvy\u010dajne aj v kombin\u00e1cii s in\u00fdmi met\u00f3dami, ako je <strong>rozp\u00fa\u0161\u0165anie tuku<\/strong>, <strong>mezoterapia<\/strong> a <strong>peeling <\/strong>(napr. pri <strong>poruch\u00e1ch pigment\u00e1cie<\/strong>).<\/li>\n<li><strong>Botox potn\u00fdch \u017eliaz<\/strong> sa vykon\u00e1va aj v oblasti podpazu\u0161ia, chodidiel a dlan\u00ed.<\/li>\n<li>Pri <strong>terapii autol\u00f3gnou krvou PRP<\/strong> sa pacientovi najprv odoberie krv zo \u017eily. Krvn\u00e9 zlo\u017eky sa oddelia pomocou \u0161peci\u00e1lne naprogramovanej centrif\u00fagy tak, aby sa v zost\u00e1vaj\u00facej tekutine (plazme) nach\u00e1dzali len po\u017eadovan\u00e9 rastov\u00e9 faktory\/koncentr\u00e1ty krvn\u00fdch do\u0161ti\u010diek. Takto spracovan\u00e1 plazma obsahuje pribli\u017ene 2 a\u017e 3-n\u00e1sobn\u00fa koncentr\u00e1ciu krvn\u00fdch do\u0161ti\u010diek, ktor\u00e9 sa aktivuj\u00fa mimo krvn\u00e9ho obehu a uvo\u013e\u0148uj\u00fa stimula\u010dn\u00e9 prote\u00edny a rastov\u00e9 faktory. Tieto podporuj\u00fa omladzuj\u00face procesy (<strong>Dracula Lifting<\/strong>), <strong>rast vlasov<\/strong> alebo <strong>hojenie r\u00e1n<\/strong>, \u010di <span lang=\"SK\">zlep\u0161enie <strong>jaziev<\/strong> a stri\u00ed. Upraven\u00e9 pod\u013ea potreby (aktivovan\u00e9) sa o<\/span>doberaj\u00fa pomocou strieka\u010dky a za steriln\u00fdch podmienok vstrekuj\u00fa sp\u00e4\u0165 do tela.<\/li>\n<li>Sklerotiz\u00e1cia <strong>k\u0155\u010dov\u00fdch \u017e\u00edl penou<\/strong> a <strong>skleroterapia metli\u010dkov\u00fdch \u017e\u00edliek<\/strong>.<\/li>\n<li>Po CHT a RAT \u00a0podporn\u00e1 lie\u010dba onkologick\u00fdch pacientov pomocou <strong>antioxidantov,<\/strong> <strong>imunomodul\u00e1cie <\/strong>a<strong> di\u00e9tnych opatren\u00ed<\/strong><\/li>\n<\/ul>\n<p>[\/et_pb_text][\/et_pb_column][\/et_pb_row][\/et_pb_section][et_pb_section fb_built=&#8220;1&#8243; custom_padding_last_edited=&#8220;on|phone&#8220; _builder_version=&#8220;4.16&#8243; background_enable_color=&#8220;off&#8220; custom_padding=&#8220;95px|0px|100px|0px|false|false&#8220; custom_padding_tablet=&#8220;95px|0px|100px|0px|false|false&#8220; custom_padding_phone=&#8220;40px||60px||false|false&#8220; global_colors_info=&#8220;{}&#8220;][et_pb_row use_custom_gutter=&#8220;on&#8220; gutter_width=&#8220;2&#8243; make_equal=&#8220;on&#8220; custom_padding_last_edited=&#8220;on|phone&#8220; _builder_version=&#8220;4.16&#8243; width=&#8220;90%&#8220; width_tablet=&#8220;90%&#8220; width_phone=&#8220;90%&#8220; width_last_edited=&#8220;on|desktop&#8220; max_width=&#8220;1200px&#8220; max_width_tablet=&#8220;90%&#8220; max_width_phone=&#8220;90%&#8220; max_width_last_edited=&#8220;on|tablet&#8220; custom_padding=&#8220;0px|0px|60px|0px|false|false&#8220; custom_padding_tablet=&#8220;0px|0px|60px|0px|false|false&#8220; custom_padding_phone=&#8220;||30px||false|false&#8220; animation_style=&#8220;fade&#8220; animation_duration=&#8220;1500ms&#8220; animation_delay=&#8220;500ms&#8220; animation_speed_curve=&#8220;ease&#8220; global_colors_info=&#8220;{}&#8220;][et_pb_column type=&#8220;4_4&#8243; _builder_version=&#8220;4.16&#8243; custom_padding=&#8220;|||&#8220; global_colors_info=&#8220;{}&#8220; custom_padding__hover=&#8220;|||&#8220;][et_pb_text _builder_version=&#8220;4.27.3&#8243; header_3_font=&#8220;Sora|700||on|||||&#8220; header_3_text_align=&#8220;center&#8220; header_3_text_color=&#8220;#1a2450&#8243; header_3_font_size=&#8220;40px&#8220; header_3_letter_spacing=&#8220;-1px&#8220; header_3_line_height=&#8220;1.1em&#8220; custom_margin=&#8220;5px|||||&#8220; header_3_font_size_tablet=&#8220;40px&#8220; header_3_font_size_phone=&#8220;22px&#8220; header_3_font_size_last_edited=&#8220;on|phone&#8220; header_3_line_height_tablet=&#8220;1.1em&#8220; header_3_line_height_phone=&#8220;1.4em&#8220; header_3_line_height_last_edited=&#8220;on|phone&#8220; global_colors_info=&#8220;{}&#8220;]<\/p>\n<h3>Nezmluvn\u00e1 s\u00fakromn\u00e1 ambulancia<\/h3>\n<p>[\/et_pb_text][\/et_pb_column][\/et_pb_row][et_pb_row column_structure=&#8220;1_2,1_2&#8243; use_custom_gutter=&#8220;on&#8220; gutter_width=&#8220;2&#8243; make_equal=&#8220;on&#8220; _builder_version=&#8220;4.16&#8243; width=&#8220;90%&#8220; width_tablet=&#8220;90%&#8220; width_phone=&#8220;90%&#8220; width_last_edited=&#8220;on|desktop&#8220; max_width=&#8220;1200px&#8220; max_width_tablet=&#8220;380px&#8220; max_width_phone=&#8220;90%&#8220; max_width_last_edited=&#8220;on|tablet&#8220; custom_padding=&#8220;0px||0px||true|false&#8220; global_colors_info=&#8220;{}&#8220;][et_pb_column type=&#8220;1_2&#8243; _builder_version=&#8220;4.16&#8243; background_color=&#8220;#011c3c&#8220; custom_padding=&#8220;40px|40px|40px|40px|true|true&#8220; animation_style=&#8220;slide&#8220; animation_duration=&#8220;1500ms&#8220; animation_delay=&#8220;500ms&#8220; animation_speed_curve=&#8220;ease&#8220; border_radii=&#8220;on|30px|30px|30px|30px&#8220; border_width_all=&#8220;3px&#8220; border_color_all=&#8220;RGBA(0,0,0,0)&#8220; box_shadow_style=&#8220;preset3&#8243; box_shadow_color=&#8220;rgba(13,23,66,0.06)&#8220; global_colors_info=&#8220;{}&#8220; custom_padding__hover=&#8220;|||&#8220; border_color_all__hover_enabled=&#8220;on|hover&#8220; border_color_all__hover=&#8220;#2a43aa&#8220;][et_pb_text _builder_version=&#8220;4.27.4&#8243; _module_preset=&#8220;default&#8220; text_font=&#8220;|300|||||||&#8220; text_text_color=&#8220;#FFFFFF&#8220; link_font=&#8220;|600|||||||&#8220; link_text_color=&#8220;#e6be5e&#8220; hover_enabled=&#8220;0&#8243; text_font_size_tablet=&#8220;&#8220; text_font_size_phone=&#8220;15px&#8220; text_font_size_last_edited=&#8220;on|phone&#8220; global_colors_info=&#8220;{}&#8220; sticky_enabled=&#8220;0&#8243;]<\/p>\n<p>Nako\u013eko je to mo\u017en\u00e9, s\u00fa v\u0161etky stretnutia organizovan\u00e9 online. Svoje \u0165a\u017ekosti alebo po\u017eiadavku m\u00f4\u017eete na za\u010diatku bezplatne predlo\u017ei\u0165 e-mailom. Najprv pos\u00fadim, nako\u013eko V\u00e1m dok\u00e1\u017eem pom\u00f4c\u0165, a n\u00e1sledne po p\u00edsomnej komunik\u00e1cii m\u00f4\u017eeme v\u0161etko prekonzultova\u0165 prostredn\u00edctvom platenej videokonferencie.<br \/>Sta\u010d\u00ed sa u m\u0148a zaregistrova\u0165 cez formul\u00e1r v sekcii Kontakt, alebo mi po\u0161lite e-mail, do ktor\u00e9ho uve\u010fte svoje <strong>meno<\/strong>, <strong>adresu<\/strong>, <strong>telef\u00f3n<\/strong>, <strong>rodn\u00e9 \u010d\u00edslo<\/strong> a <strong>pois\u0165ov\u0148u<\/strong> a op\u00ed\u0161te v \u0148om svoje \u017eelania a probl\u00e9m. Po odoslan\u00ed spr\u00e1vy na e-mailov\u00fa adresu chiraest@icloud.com sa v\u00e1m \u00a0budem sna\u017ei\u0165 \u010do najr\u00fdchlej\u0161ie p\u00edsomne odpoveda\u0165.<\/p>\n<p>Ak bude potrebn\u00e1 videokonferencia, m\u00f4\u017eete si bezplatne stiahnu\u0165 do svojho mobiln\u00e9ho telef\u00f3nu alebo po\u010d\u00edta\u010da aplik\u00e1ciu \u00a0Zoom <a href=\"https:\/\/zoom.us\/download%20\/\">https:\/\/zoom.us\/download\u00a0<\/a>, WhatsApp, <a href=\"https:\/\/zoom.us\/download%20\/\">\u00a0<\/a>alebo platen\u00fa aplik\u00e1ciu Threema s jednorazov\u00fdm poplatkom 3,99 \u20ac pre bezpe\u010dn\u00fa ochranu \u00fadajov po\u010das komunik\u00e1cie. Dohodnut\u00e9 videostretnutie potom stoj\u00ed pre pacientov v r\u00e1mci slovenskej s\u00fakromnej praxe 45 \u20ac \/ za 30-min\u00fatov\u00fd interval &#8211; v ktorom si m\u00f4\u017eeme dohodn\u00fa\u0165 term\u00edn o\u0161etrenia, zvoli\u0165 spr\u00e1vnu met\u00f3du, ako aj online podp\u00edsa\u0165 informovan\u00fd s\u00fahlas s lie\u010dbou. Zdravotn\u00e1 dokument\u00e1cia (vr\u00e1tane lek\u00e1rskej spr\u00e1vy, informovan\u00e9ho s\u00fahlasu a fakt\u00fary) stoj\u00ed 15 \u20ac.<\/p>\n<p>&nbsp;<\/p>\n<p>[\/et_pb_text][\/et_pb_column][et_pb_column type=&#8220;1_2&#8243; _builder_version=&#8220;4.16&#8243; background_color=&#8220;#011c3c&#8220; custom_padding=&#8220;40px|40px|40px|40px|true|true&#8220; animation_style=&#8220;slide&#8220; animation_duration=&#8220;1500ms&#8220; animation_delay=&#8220;750ms&#8220; animation_speed_curve=&#8220;ease&#8220; border_radii=&#8220;on|30px|30px|30px|30px&#8220; border_width_all=&#8220;3px&#8220; border_color_all=&#8220;RGBA(0,0,0,0)&#8220; box_shadow_style=&#8220;preset3&#8243; box_shadow_color=&#8220;rgba(13,23,66,0.06)&#8220; global_colors_info=&#8220;{}&#8220; border_color_all__hover=&#8220;#2a43aa&#8220; border_color_all__hover_enabled=&#8220;on|hover&#8220;][et_pb_text _builder_version=&#8220;4.27.4&#8243; _module_preset=&#8220;default&#8220; text_font=&#8220;|300|||||||&#8220; text_text_color=&#8220;#FFFFFF&#8220; hover_enabled=&#8220;0&#8243; global_colors_info=&#8220;{}&#8220; sticky_enabled=&#8220;0&#8243;]<\/p>\n<p>So slu\u017ebou Threema je mo\u017en\u00e9 priamo zdie\u013ea\u0165 dokument\u00e1ciu so zabezpe\u010den\u00edm ochrany osobn\u00fd \u00fadajov, pri komunik\u00e1cii in\u00fdm sp\u00f4sobom sa sami automaticky vzd\u00e1vate ochrany osobn\u00fdch d\u00e1t, vzh\u013eadom k mo\u017enosti internetov\u00fdch \u00fatokov pri ni\u017e\u0161om zabezpe\u010den\u00ed.<\/p>\n<p>Po dohodnut\u00ed term\u00ednu sa spoj\u00edme cez aplik\u00e1ciu Threema, WhatsApp, alebo dostanete odo m\u0148a e-mailom odkaz na konferenciu ZOOM a na\u0161a videokonferencia sa m\u00f4\u017ee uskuto\u010dni\u0165 v dohodnutom \u010dase. Tak\u00fdto postup uprednost\u0148ujem a odpor\u00fa\u010dam, preto\u017ee vstupn\u00e1 konzult\u00e1cia priamo na Klinike je drah\u0161ia (75 \u20ac \/ 30min interval), a term\u00edny ove\u013ea menej dostupnej\u0161ie vzh\u013eadom k \u010dasovej n\u00e1ro\u010dnosti a uprednost\u0148ovaniu priameho kontaktu za \u00fa\u010delom lie\u010debn\u00fdch v\u00fdkonov pred pohovormi. Inak, ak si to \u017eel\u00e1te, vykon\u00e1m vstupn\u00fa konzult\u00e1ciu aj priamo na Klinike.<\/p>\n<p>Ceny o\u0161etren\u00ed bud\u00fa dohodnut\u00e9 pod\u013ea aktu\u00e1lneho cenn\u00edku pri vstupnej konzult\u00e1cii. V pr\u00edpade neestetick\u00e9ho o\u0161etrenia v chirurgickej ambulancii sk\u00faste po\u017eiada\u0165 o refund\u00e1ciu od va\u0161ej zdravotnej pois\u0165ovne. V\u00fd\u0161ka \u00fahrady v\u0161ak z\u00e1vis\u00ed od zdravotnej pois\u0165ovne. Za estetick\u00fa lie\u010dbu sa \u00fahrada neposkytuje.<\/p>\n<p>[\/et_pb_text][\/et_pb_column][\/et_pb_row][\/et_pb_section]<\/p>\n","protected":false},"excerpt":{"rendered":"<p>Ponuka Estetick\u00e9 z\u00e1kroky, najm\u00e4 v oblasti tv\u00e1re: korekcia vr\u00e1sok a asymetri\u00ed alebo lifting botoxom a v\u00fdpl\u0148ov\u00fdmi injekciami &#8211; mo\u017en\u00e9 pod kontrolou ultrazvuku s ove\u013ea v\u00e4\u010d\u0161ou bezpe\u010dnos\u0165ou v celej oblasti tv\u00e1re vr\u00e1tane pier ale aj v oblasti krku, dekoltu, hornej \u010dasti pa\u017e\u00ed a lak\u0165ov, brucha, stehien a zadku &#8211; a tie\u017e na stimul\u00e1ciu zlep\u0161enia kvality poko\u017eky [&hellip;]<\/p>\n","protected":false},"author":1,"featured_media":0,"parent":0,"menu_order":0,"comment_status":"closed","ping_status":"closed","template":"","meta":{"_et_pb_use_builder":"on","_et_pb_old_content":"","_et_gb_content_width":"","footnotes":""},"class_list":["post-25210","page","type-page","status-publish","hentry"],"_links":{"self":[{"href":"https:\/\/garcar.at\/sk\/wp-json\/wp\/v2\/pages\/25210","targetHints":{"allow":["GET"]}}],"collection":[{"href":"https:\/\/garcar.at\/sk\/wp-json\/wp\/v2\/pages"}],"about":[{"href":"https:\/\/garcar.at\/sk\/wp-json\/wp\/v2\/types\/page"}],"author":[{"embeddable":true,"href":"https:\/\/garcar.at\/sk\/wp-json\/wp\/v2\/users\/1"}],"replies":[{"embeddable":true,"href":"https:\/\/garcar.at\/sk\/wp-json\/wp\/v2\/comments?post=25210"}],"version-history":[{"count":42,"href":"https:\/\/garcar.at\/sk\/wp-json\/wp\/v2\/pages\/25210\/revisions"}],"predecessor-version":[{"id":50934,"href":"https:\/\/garcar.at\/sk\/wp-json\/wp\/v2\/pages\/25210\/revisions\/50934"}],"wp:attachment":[{"href":"https:\/\/garcar.at\/sk\/wp-json\/wp\/v2\/media?parent=25210"}],"curies":[{"name":"wp","href":"https:\/\/api.w.org\/{rel}","templated":true}]}}