{"id":49922,"date":"2021-11-26T11:55:08","date_gmt":"2021-11-26T10:55:08","guid":{"rendered":"https:\/\/www.garcar.at\/kontakt\/"},"modified":"2025-06-17T14:38:29","modified_gmt":"2025-06-17T12:38:29","slug":"kontakt","status":"publish","type":"page","link":"https:\/\/garcar.at\/sk\/kontakt\/","title":{"rendered":"Kontakt"},"content":{"rendered":"<p>[et_pb_section fb_built=&#8220;1&#8243; _builder_version=&#8220;4.16&#8243; background_color=&#8220;#011c3c&#8220; background_enable_image=&#8220;off&#8220; custom_padding=&#8220;200px||0px||false|false&#8220; global_colors_info=&#8220;{}&#8220;][et_pb_row _builder_version=&#8220;4.16&#8243; custom_padding=&#8220;|0px||0px|false|false&#8220; global_colors_info=&#8220;{}&#8220;][et_pb_column type=&#8220;4_4&#8243; _builder_version=&#8220;4.16&#8243; custom_padding=&#8220;|||&#8220; global_colors_info=&#8220;{}&#8220; custom_padding__hover=&#8220;|||&#8220;][et_pb_text _builder_version=&#8220;4.16&#8243; text_font=&#8220;Sora|700|||||||&#8220; text_text_color=&#8220;#FFFFFF&#8220; text_font_size=&#8220;30px&#8220; custom_margin=&#8220;||35px|||&#8220; text_font_size_tablet=&#8220;&#8220; text_font_size_phone=&#8220;23px&#8220; text_font_size_last_edited=&#8220;on|desktop&#8220; text_letter_spacing_tablet=&#8220;&#8220; text_letter_spacing_phone=&#8220;-1px&#8220; text_letter_spacing_last_edited=&#8220;on|phone&#8220; text_line_height_tablet=&#8220;&#8220; text_line_height_phone=&#8220;1.4em&#8220; text_line_height_last_edited=&#8220;on|phone&#8220; global_colors_info=&#8220;{}&#8220;]<\/p>\n<p>Registr\u00e1cia do lek\u00e1rskeho z\u00e1znamu<\/p>\n<p>[\/et_pb_text][\/et_pb_column][\/et_pb_row][\/et_pb_section][et_pb_section fb_built=&#8220;1&#8243; custom_padding_last_edited=&#8220;on|phone&#8220; admin_label=&#8220;1&#8243; _builder_version=&#8220;4.16&#8243; custom_padding=&#8220;80px||80px||true|false&#8220; custom_padding_tablet=&#8220;80px||80px||true|false&#8220; custom_padding_phone=&#8220;40px||0px||false|false&#8220; global_colors_info=&#8220;{}&#8220;][et_pb_row column_structure=&#8220;2_3,1_3&#8243; use_custom_gutter=&#8220;on&#8220; gutter_width=&#8220;2&#8243; _builder_version=&#8220;4.16&#8243; width_tablet=&#8220;&#8220; width_phone=&#8220;90%&#8220; width_last_edited=&#8220;on|phone&#8220; max_width_tablet=&#8220;&#8220; max_width_phone=&#8220;90%&#8220; max_width_last_edited=&#8220;on|phone&#8220; custom_margin=&#8220;|||&#8220; global_colors_info=&#8220;{}&#8220; max_width__hover_enabled=&#8220;off|desktop&#8220;][et_pb_column type=&#8220;2_3&#8243; _builder_version=&#8220;4.16&#8243; custom_padding=&#8220;|||&#8220; global_colors_info=&#8220;{}&#8220; custom_padding__hover=&#8220;|||&#8220;][et_pb_contact_form captcha=&#8220;off&#8220; email=&#8220;amb@garcar.at&#8220; custom_message=&#8220;Nachname: %%Nachname%%||et_pb_line_break_holder||Vorname: %%Vorname%%||et_pb_line_break_holder||Adresse: %%Adresse%%||et_pb_line_break_holder||Email: %%Email%%||et_pb_line_break_holder||Telefon: %%Telefon%%||et_pb_line_break_holder||SV-Nummer_und_Geburtsdatum: %%SV-Nummer_und_Geburtsdatum%%||et_pb_line_break_holder||Krankenkasse: %%Krankenkasse%%||et_pb_line_break_holder||Nachricht: %%Nachricht%%||et_pb_line_break_holder||Gdpr: %%gdpr%%&#8220; success_message=&#8220;\u00daspe\u0161ne ste vst\u00fapili do zdravotnej dokument\u00e1cie. Po\u010dkajte pros\u00edm na odpove\u010f vo svojom e-maily.&#8220; submit_button_text=&#8220;Odosla\u0165&#8220; _builder_version=&#8220;4.19.0&#8243; _unique_id=&#8220;a8a24321-463e-4759-a0dd-ac95b2782ac8&#8243; form_field_background_color=&#8220;#FFFFFF&#8220; form_field_text_color=&#8220;#383838&#8243; title_level=&#8220;h2&#8243; title_font=&#8220;Poppins|700|||||||&#8220; title_text_color=&#8220;#FFFFFF&#8220; title_font_size=&#8220;34px&#8220; title_line_height=&#8220;1.2em&#8220; form_field_font=&#8220;||||||||&#8220; custom_button=&#8220;on&#8220; button_text_size=&#8220;16px&#8220; button_text_color=&#8220;#FFFFFF&#8220; button_bg_color=&#8220;#011c3c&#8220; button_border_width=&#8220;5px&#8220; button_border_color=&#8220;rgba(0,0,0,0)&#8220; button_border_radius=&#8220;30px&#8220; button_letter_spacing=&#8220;2px&#8220; button_font=&#8220;Poppins|600||on|||||&#8220; button_icon=&#8220;&#x35;||divi||400&#8243; button_icon_color=&#8220;#ffffff&#8220; custom_margin=&#8220;-9px|||||&#8220; title_font_size_tablet=&#8220;30px&#8220; title_font_size_phone=&#8220;22px&#8220; title_font_size_last_edited=&#8220;on|phone&#8220; border_width_all=&#8220;1px&#8220; border_color_all=&#8220;#032d76&#8243; form_background_color=&#8220;rgba(0,0,0,0)&#8220; global_colors_info=&#8220;{}&#8220; title_level__hover=&#8220;h2&#8243; title_level__hover_enabled=&#8220;h2&#8243; title_letter_spacing__hover=&#8220;0px&#8220; title_letter_spacing__hover_enabled=&#8220;0px&#8220; title_text_shadow_style__hover=&#8220;none&#8220; title_text_shadow_style__hover_enabled=&#8220;none&#8220; title_text_shadow_color__hover=&#8220;rgba(0,0,0,0.4)&#8220; title_text_shadow_color__hover_enabled=&#8220;rgba(0,0,0,0.4)&#8220; button_bg_color__hover=&#8220;#011c3c&#8220; button_bg_color__hover_enabled=&#8220;on|hover&#8220; border_color_bottom__hover=&#8220;#222a89&#8243; border_color_all__hover_enabled=&#8220;on&#8220; border_color_all__hover=&#8220;rgba(51,51,51,0.2)&#8220; button_bg_enable_color__hover=&#8220;on&#8220;][et_pb_contact_field field_id=&#8220;Nachname&#8220; field_title=&#8220;Priezvisko&#8220; _builder_version=&#8220;4.16&#8243; form_field_font=&#8220;Poppins||||||||&#8220; global_colors_info=&#8220;{}&#8220; button_text_size__hover_enabled=&#8220;off&#8220; button_one_text_size__hover_enabled=&#8220;off&#8220; button_two_text_size__hover_enabled=&#8220;off&#8220; button_text_color__hover_enabled=&#8220;off&#8220; button_one_text_color__hover_enabled=&#8220;off&#8220; button_two_text_color__hover_enabled=&#8220;off&#8220; button_border_width__hover_enabled=&#8220;off&#8220; button_one_border_width__hover_enabled=&#8220;off&#8220; button_two_border_width__hover_enabled=&#8220;off&#8220; button_border_color__hover_enabled=&#8220;off&#8220; button_one_border_color__hover_enabled=&#8220;off&#8220; button_two_border_color__hover_enabled=&#8220;off&#8220; button_border_radius__hover_enabled=&#8220;off&#8220; button_one_border_radius__hover_enabled=&#8220;off&#8220; button_two_border_radius__hover_enabled=&#8220;off&#8220; button_letter_spacing__hover_enabled=&#8220;off&#8220; button_one_letter_spacing__hover_enabled=&#8220;off&#8220; button_two_letter_spacing__hover_enabled=&#8220;off&#8220; button_bg_color__hover_enabled=&#8220;off&#8220; button_one_bg_color__hover_enabled=&#8220;off&#8220; button_two_bg_color__hover_enabled=&#8220;off&#8220;][\/et_pb_contact_field][et_pb_contact_field field_id=&#8220;Vorname&#8220; field_title=&#8220;Meno&#8220; _builder_version=&#8220;4.16&#8243; form_field_font=&#8220;Poppins||||||||&#8220; global_colors_info=&#8220;{}&#8220; button_text_size__hover_enabled=&#8220;off&#8220; button_one_text_size__hover_enabled=&#8220;off&#8220; button_two_text_size__hover_enabled=&#8220;off&#8220; button_text_color__hover_enabled=&#8220;off&#8220; button_one_text_color__hover_enabled=&#8220;off&#8220; button_two_text_color__hover_enabled=&#8220;off&#8220; button_border_width__hover_enabled=&#8220;off&#8220; button_one_border_width__hover_enabled=&#8220;off&#8220; button_two_border_width__hover_enabled=&#8220;off&#8220; button_border_color__hover_enabled=&#8220;off&#8220; button_one_border_color__hover_enabled=&#8220;off&#8220; button_two_border_color__hover_enabled=&#8220;off&#8220; button_border_radius__hover_enabled=&#8220;off&#8220; button_one_border_radius__hover_enabled=&#8220;off&#8220; button_two_border_radius__hover_enabled=&#8220;off&#8220; button_letter_spacing__hover_enabled=&#8220;off&#8220; button_one_letter_spacing__hover_enabled=&#8220;off&#8220; button_two_letter_spacing__hover_enabled=&#8220;off&#8220; button_bg_color__hover_enabled=&#8220;off&#8220; button_one_bg_color__hover_enabled=&#8220;off&#8220; button_two_bg_color__hover_enabled=&#8220;off&#8220;][\/et_pb_contact_field][et_pb_contact_field field_id=&#8220;Adresse&#8220; field_title=&#8220;Adresa&#8220; _builder_version=&#8220;4.16&#8243; form_field_font=&#8220;Poppins||||||||&#8220; global_colors_info=&#8220;{}&#8220; button_text_size__hover_enabled=&#8220;off&#8220; button_one_text_size__hover_enabled=&#8220;off&#8220; button_two_text_size__hover_enabled=&#8220;off&#8220; button_text_color__hover_enabled=&#8220;off&#8220; button_one_text_color__hover_enabled=&#8220;off&#8220; button_two_text_color__hover_enabled=&#8220;off&#8220; button_border_width__hover_enabled=&#8220;off&#8220; button_one_border_width__hover_enabled=&#8220;off&#8220; button_two_border_width__hover_enabled=&#8220;off&#8220; button_border_color__hover_enabled=&#8220;off&#8220; button_one_border_color__hover_enabled=&#8220;off&#8220; button_two_border_color__hover_enabled=&#8220;off&#8220; button_border_radius__hover_enabled=&#8220;off&#8220; button_one_border_radius__hover_enabled=&#8220;off&#8220; button_two_border_radius__hover_enabled=&#8220;off&#8220; button_letter_spacing__hover_enabled=&#8220;off&#8220; button_one_letter_spacing__hover_enabled=&#8220;off&#8220; button_two_letter_spacing__hover_enabled=&#8220;off&#8220; button_bg_color__hover_enabled=&#8220;off&#8220; button_one_bg_color__hover_enabled=&#8220;off&#8220; button_two_bg_color__hover_enabled=&#8220;off&#8220;][\/et_pb_contact_field][et_pb_contact_field field_id=&#8220;Email&#8220; field_title=&#8220;Email&#8220; field_type=&#8220;email&#8220; _builder_version=&#8220;4.16&#8243; form_field_font=&#8220;Poppins||||||||&#8220; global_colors_info=&#8220;{}&#8220; button_text_size__hover_enabled=&#8220;off&#8220; button_one_text_size__hover_enabled=&#8220;off&#8220; button_two_text_size__hover_enabled=&#8220;off&#8220; button_text_color__hover_enabled=&#8220;off&#8220; button_one_text_color__hover_enabled=&#8220;off&#8220; button_two_text_color__hover_enabled=&#8220;off&#8220; button_border_width__hover_enabled=&#8220;off&#8220; button_one_border_width__hover_enabled=&#8220;off&#8220; button_two_border_width__hover_enabled=&#8220;off&#8220; button_border_color__hover_enabled=&#8220;off&#8220; button_one_border_color__hover_enabled=&#8220;off&#8220; button_two_border_color__hover_enabled=&#8220;off&#8220; button_border_radius__hover_enabled=&#8220;off&#8220; button_one_border_radius__hover_enabled=&#8220;off&#8220; button_two_border_radius__hover_enabled=&#8220;off&#8220; button_letter_spacing__hover_enabled=&#8220;off&#8220; button_one_letter_spacing__hover_enabled=&#8220;off&#8220; button_two_letter_spacing__hover_enabled=&#8220;off&#8220; button_bg_color__hover_enabled=&#8220;off&#8220; button_one_bg_color__hover_enabled=&#8220;off&#8220; button_two_bg_color__hover_enabled=&#8220;off&#8220;][\/et_pb_contact_field][et_pb_contact_field field_id=&#8220;Telefon&#8220; field_title=&#8220;Telef\u00f3n&#8220; _builder_version=&#8220;4.16&#8243; form_field_font=&#8220;Poppins||||||||&#8220; global_colors_info=&#8220;{}&#8220; button_text_size__hover_enabled=&#8220;off&#8220; button_one_text_size__hover_enabled=&#8220;off&#8220; button_two_text_size__hover_enabled=&#8220;off&#8220; button_text_color__hover_enabled=&#8220;off&#8220; button_one_text_color__hover_enabled=&#8220;off&#8220; button_two_text_color__hover_enabled=&#8220;off&#8220; button_border_width__hover_enabled=&#8220;off&#8220; button_one_border_width__hover_enabled=&#8220;off&#8220; button_two_border_width__hover_enabled=&#8220;off&#8220; button_border_color__hover_enabled=&#8220;off&#8220; button_one_border_color__hover_enabled=&#8220;off&#8220; button_two_border_color__hover_enabled=&#8220;off&#8220; button_border_radius__hover_enabled=&#8220;off&#8220; button_one_border_radius__hover_enabled=&#8220;off&#8220; button_two_border_radius__hover_enabled=&#8220;off&#8220; button_letter_spacing__hover_enabled=&#8220;off&#8220; button_one_letter_spacing__hover_enabled=&#8220;off&#8220; button_two_letter_spacing__hover_enabled=&#8220;off&#8220; button_bg_color__hover_enabled=&#8220;off&#8220; button_one_bg_color__hover_enabled=&#8220;off&#8220; button_two_bg_color__hover_enabled=&#8220;off&#8220;][\/et_pb_contact_field][et_pb_contact_field field_id=&#8220;Krankenkasse_und_SV-Nummer&#8220; field_title=&#8220;Zdravotn\u00e1 pois\u0165ov\u0148a a \u010d\u00edslo SV&#8220; _builder_version=&#8220;4.16&#8243; form_field_font=&#8220;Poppins||||||||&#8220; global_colors_info=&#8220;{}&#8220; button_text_size__hover_enabled=&#8220;off&#8220; button_one_text_size__hover_enabled=&#8220;off&#8220; button_two_text_size__hover_enabled=&#8220;off&#8220; button_text_color__hover_enabled=&#8220;off&#8220; button_one_text_color__hover_enabled=&#8220;off&#8220; button_two_text_color__hover_enabled=&#8220;off&#8220; button_border_width__hover_enabled=&#8220;off&#8220; button_one_border_width__hover_enabled=&#8220;off&#8220; button_two_border_width__hover_enabled=&#8220;off&#8220; button_border_color__hover_enabled=&#8220;off&#8220; button_one_border_color__hover_enabled=&#8220;off&#8220; button_two_border_color__hover_enabled=&#8220;off&#8220; button_border_radius__hover_enabled=&#8220;off&#8220; button_one_border_radius__hover_enabled=&#8220;off&#8220; button_two_border_radius__hover_enabled=&#8220;off&#8220; button_letter_spacing__hover_enabled=&#8220;off&#8220; button_one_letter_spacing__hover_enabled=&#8220;off&#8220; button_two_letter_spacing__hover_enabled=&#8220;off&#8220; button_bg_color__hover_enabled=&#8220;off&#8220; button_one_bg_color__hover_enabled=&#8220;off&#8220; button_two_bg_color__hover_enabled=&#8220;off&#8220;][\/et_pb_contact_field][et_pb_contact_field field_id=&#8220;Nachricht&#8220; field_title=&#8220;Tu pop\u00ed\u0161te svoje priania\/probl\u00e9my&#8220; field_type=&#8220;text&#8220; fullwidth_field=&#8220;on&#8220; _builder_version=&#8220;4.16&#8243; form_field_font=&#8220;Poppins||||||||&#8220; global_colors_info=&#8220;{}&#8220; button_text_size__hover_enabled=&#8220;off&#8220; button_one_text_size__hover_enabled=&#8220;off&#8220; button_two_text_size__hover_enabled=&#8220;off&#8220; button_text_color__hover_enabled=&#8220;off&#8220; button_one_text_color__hover_enabled=&#8220;off&#8220; button_two_text_color__hover_enabled=&#8220;off&#8220; button_border_width__hover_enabled=&#8220;off&#8220; button_one_border_width__hover_enabled=&#8220;off&#8220; button_two_border_width__hover_enabled=&#8220;off&#8220; button_border_color__hover_enabled=&#8220;off&#8220; button_one_border_color__hover_enabled=&#8220;off&#8220; button_two_border_color__hover_enabled=&#8220;off&#8220; button_border_radius__hover_enabled=&#8220;off&#8220; button_one_border_radius__hover_enabled=&#8220;off&#8220; button_two_border_radius__hover_enabled=&#8220;off&#8220; button_letter_spacing__hover_enabled=&#8220;off&#8220; button_one_letter_spacing__hover_enabled=&#8220;off&#8220; button_two_letter_spacing__hover_enabled=&#8220;off&#8220; button_bg_color__hover_enabled=&#8220;off&#8220; button_one_bg_color__hover_enabled=&#8220;off&#8220; button_two_bg_color__hover_enabled=&#8220;off&#8220;][\/et_pb_contact_field][et_pb_contact_field field_id=&#8220;gdpr&#8220; field_title=&#8220; &#8220; field_type=&#8220;checkbox&#8220; checkbox_options=&#8220;%91{%22value%22:%22 Kliknut\u00edm sem s\u00fahlas\u00edte s ukladan\u00edm a spracovan\u00edm va\u0161ich \u00fadajov %22,%22checked%22:0,%22dragID%22:-1}%93&#8243; fullwidth_field=&#8220;on&#8220; _builder_version=&#8220;4.16&#8243; _module_preset=&#8220;default&#8220; form_field_background_color=&#8220;#e2e2e2&#8243; global_colors_info=&#8220;{}&#8220;][\/et_pb_contact_field][\/et_pb_contact_form][\/et_pb_column][et_pb_column type=&#8220;1_3&#8243; _builder_version=&#8220;4.16&#8243; custom_padding=&#8220;|||&#8220; global_colors_info=&#8220;{}&#8220; custom_padding__hover=&#8220;|||&#8220;][et_pb_blurb title=&#8220;Adresa&#8220; use_icon=&#8220;on&#8220; font_icon=&#8220;&#xe081;||divi||400&#8243; icon_color=&#8220;#011c3c&#8220; icon_placement=&#8220;left&#8220; image_icon_width=&#8220;40px&#8220; admin_label=&#8220;1&#8243; _builder_version=&#8220;4.27.4&#8243; header_font=&#8220;Poppins|600|||||||&#8220; header_text_color=&#8220;#1a2450&#8243; header_font_size=&#8220;22px&#8220; header_line_height=&#8220;1.3em&#8220; body_font=&#8220;Roboto|300|||||||&#8220; body_text_color=&#8220;#000000&#8243; body_font_size=&#8220;17px&#8220; body_line_height=&#8220;1.8em&#8220; custom_margin=&#8220;41px|||||&#8220; custom_margin_tablet=&#8220;41px|||||&#8220; custom_margin_phone=&#8220;0px||||false|false&#8220; custom_margin_last_edited=&#8220;on|phone&#8220; animation=&#8220;off&#8220; icon_font_size=&#8220;32px&#8220; global_colors_info=&#8220;{}&#8220;]<\/p>\n<p><span>Z\u00e1hradn\u00e1 11<\/span><br \/><span>04442 Rozhanovce<\/span><\/p>\n<p>[\/et_pb_blurb][et_pb_blurb title=&#8220;Tel. \/ WhatsApp&#8220; use_icon=&#8220;on&#8220; font_icon=&#8220;&#xe090;||divi||400&#8243; icon_color=&#8220;#011c3c&#8220; icon_placement=&#8220;left&#8220; image_icon_width=&#8220;40px&#8220; admin_label=&#8220;1&#8243; _builder_version=&#8220;4.27.4&#8243; header_font=&#8220;Poppins|600|||||||&#8220; header_text_color=&#8220;#1a2450&#8243; header_font_size=&#8220;22px&#8220; header_line_height=&#8220;1.3em&#8220; body_font=&#8220;Roboto|300|||||||&#8220; body_text_color=&#8220;#000000&#8243; body_font_size=&#8220;17px&#8220; body_line_height=&#8220;1.8em&#8220; animation=&#8220;off&#8220; icon_font_size=&#8220;32px&#8220; global_colors_info=&#8220;{}&#8220;]<\/p>\n<p><span>+421 948 301100<\/span><\/p>\n<p>[\/et_pb_blurb][et_pb_blurb title=&#8220;Email&#8220; use_icon=&#8220;on&#8220; font_icon=&#8220;&#x77;||divi||400&#8243; icon_color=&#8220;#011c3c&#8220; icon_placement=&#8220;left&#8220; image_icon_width=&#8220;40px&#8220; admin_label=&#8220;1&#8243; _builder_version=&#8220;4.27.4&#8243; header_font=&#8220;Poppins|600|||||||&#8220; header_text_color=&#8220;#1a2450&#8243; header_font_size=&#8220;22px&#8220; header_line_height=&#8220;1.3em&#8220; body_font=&#8220;Roboto|300|||||||&#8220; body_text_color=&#8220;#000000&#8243; body_font_size=&#8220;17px&#8220; body_line_height=&#8220;1.8em&#8220; animation=&#8220;off&#8220; icon_font_size=&#8220;32px&#8220; global_colors_info=&#8220;{}&#8220;]<\/p>\n<p><span>chiraest@icloud.com<\/span><\/p>\n<p>[\/et_pb_blurb][et_pb_blurb title=&#8220;Threema&#8220; image=&#8220;https:\/\/garcar.at\/wp-content\/uploads\/2022\/07\/Sni\u0301mka-obrazovky-2022-07-31-o-14.03.30.png&#8220; icon_placement=&#8220;left&#8220; image_icon_width=&#8220;82px&#8220; admin_label=&#8220;1&#8243; _builder_version=&#8220;4.27.4&#8243; header_font=&#8220;Poppins|600|||||||&#8220; header_text_color=&#8220;#1a2450&#8243; header_font_size=&#8220;22px&#8220; header_line_height=&#8220;1.3em&#8220; body_font=&#8220;Roboto|300|||||||&#8220; body_text_color=&#8220;#000000&#8243; body_font_size=&#8220;17px&#8220; body_line_height=&#8220;1.8em&#8220; animation=&#8220;off&#8220; icon_font_size=&#8220;32px&#8220; global_colors_info=&#8220;{}&#8220;]<\/p>\n<p><span>ID: K3SFYRAR<\/span><\/p>\n<p>[\/et_pb_blurb][\/et_pb_column][\/et_pb_row][et_pb_row _builder_version=&#8220;4.27.4&#8243; _module_preset=&#8220;default&#8220; custom_margin=&#8220;40px|auto||auto||&#8220; global_colors_info=&#8220;{}&#8220;][et_pb_column type=&#8220;4_4&#8243; _builder_version=&#8220;4.27.4&#8243; _module_preset=&#8220;default&#8220; global_colors_info=&#8220;{}&#8220;][et_pb_text _builder_version=&#8220;4.27.4&#8243; _module_preset=&#8220;default&#8220; hover_enabled=&#8220;0&#8243; global_colors_info=&#8220;{}&#8220; sticky_enabled=&#8220;0&#8243;]<\/p>\n<p><strong>Bankov\u00e9 spojenie:<\/strong> \u00a0 \u00a0 \u00a0IBAN: \u00a0SK1583300000002102035801 \u00a0 \u00a0 \u00a0SWIFT\/BIC: FIOZSKBAXXX<\/p>\n<p>I\u010cO: <span>54019958<\/span>\u00a0 \u00a0 \u00a0 \u00a0DI\u010c: 2121553786 \u00a0 \u00a0 \u00a0 I\u010c DPH: SK2121553786<\/p>\n<p>Chiraest s.r.o. , Z\u00e1hradn\u00e1 11, 044 42 Rozhanovce, Slovensk\u00e1 Republika<\/p>\n<p>[\/et_pb_text][\/et_pb_column][\/et_pb_row][\/et_pb_section][et_pb_section fb_built=&#8220;1&#8243; _builder_version=&#8220;4.16&#8243; _module_preset=&#8220;default&#8220; custom_padding=&#8220;0px||50px|||&#8220; global_colors_info=&#8220;{}&#8220;][et_pb_row use_custom_gutter=&#8220;on&#8220; gutter_width=&#8220;2&#8243; _builder_version=&#8220;4.16&#8243; _module_preset=&#8220;default&#8220; width=&#8220;90%&#8220; width_tablet=&#8220;90%&#8220; width_phone=&#8220;90%&#8220; width_last_edited=&#8220;on|phone&#8220; max_width=&#8220;100%&#8220; max_width_tablet=&#8220;100%&#8220; max_width_phone=&#8220;90%&#8220; max_width_last_edited=&#8220;on|phone&#8220; custom_padding=&#8220;0px||0px|||&#8220; border_width_all=&#8220;10px&#8220; border_color_all=&#8220;RGBA(0,0,0,0)&#8220; box_shadow_style=&#8220;preset1&#8243; global_colors_info=&#8220;{}&#8220;][et_pb_column type=&#8220;4_4&#8243; _builder_version=&#8220;4.16&#8243; _module_preset=&#8220;default&#8220; global_colors_info=&#8220;{}&#8220;][et_pb_code _builder_version=&#8220;4.16&#8243; _module_preset=&#8220;default&#8220; custom_margin=&#8220;||-6px|||&#8220; custom_padding=&#8220;||0px|||&#8220; global_colors_info=&#8220;{}&#8220;]<iframe src=\"https:\/\/www.google.com\/maps\/embed?pb=!1m16!1m12!1m3!1d2644.173135791297!2d14.501634265661442!3d48.49157192925322!2m3!1f0!2f0!3f0!3m2!1i1024!2i768!4f13.1!2m1!1s%C3%84rztezentrum%20Etrichstrasse%2017%204240%20Freistadt%2C%20%C3%96sterreich!5e0!3m2!1ssk!2scz!4v1637924251007!5m2!1ssk!2scz\" width=\"100%\" height=\"450\" style=\"border:0;\" allowfullscreen=\"\" loading=\"lazy\"><\/iframe>[\/et_pb_code][\/et_pb_column][\/et_pb_row][\/et_pb_section]<\/p>\n","protected":false},"excerpt":{"rendered":"<p>Registr\u00e1cia do lek\u00e1rskeho z\u00e1znamuZ\u00e1hradn\u00e1 1104442 Rozhanovce+421 948 301100chiraest@icloud.comID: K3SFYRARBankov\u00e9 spojenie: \u00a0 \u00a0 \u00a0IBAN: \u00a0SK1583300000002102035801 \u00a0 \u00a0 \u00a0SWIFT\/BIC: FIOZSKBAXXX I\u010cO: 54019958\u00a0 \u00a0 \u00a0 \u00a0DI\u010c: 2121553786 \u00a0 \u00a0 \u00a0 I\u010c DPH: SK2121553786 Chiraest s.r.o. , Z\u00e1hradn\u00e1 11, 044 42 Rozhanovce, Slovensk\u00e1 Republika<\/p>\n","protected":false},"author":1,"featured_media":0,"parent":0,"menu_order":0,"comment_status":"closed","ping_status":"closed","template":"","meta":{"_et_pb_use_builder":"on","_et_pb_old_content":"","_et_gb_content_width":"","footnotes":""},"class_list":["post-49922","page","type-page","status-publish","hentry"],"_links":{"self":[{"href":"https:\/\/garcar.at\/sk\/wp-json\/wp\/v2\/pages\/49922","targetHints":{"allow":["GET"]}}],"collection":[{"href":"https:\/\/garcar.at\/sk\/wp-json\/wp\/v2\/pages"}],"about":[{"href":"https:\/\/garcar.at\/sk\/wp-json\/wp\/v2\/types\/page"}],"author":[{"embeddable":true,"href":"https:\/\/garcar.at\/sk\/wp-json\/wp\/v2\/users\/1"}],"replies":[{"embeddable":true,"href":"https:\/\/garcar.at\/sk\/wp-json\/wp\/v2\/comments?post=49922"}],"version-history":[{"count":19,"href":"https:\/\/garcar.at\/sk\/wp-json\/wp\/v2\/pages\/49922\/revisions"}],"predecessor-version":[{"id":50944,"href":"https:\/\/garcar.at\/sk\/wp-json\/wp\/v2\/pages\/49922\/revisions\/50944"}],"wp:attachment":[{"href":"https:\/\/garcar.at\/sk\/wp-json\/wp\/v2\/media?parent=49922"}],"curies":[{"name":"wp","href":"https:\/\/api.w.org\/{rel}","templated":true}]}}