{"id":50298,"date":"2022-01-19T09:46:41","date_gmt":"2022-01-19T08:46:41","guid":{"rendered":"https:\/\/www.garcar.at\/skleroterapia-pavucich-zil\/"},"modified":"2025-03-16T00:25:59","modified_gmt":"2025-03-15T23:25:59","slug":"skleroterapia-pavucich-zil","status":"publish","type":"page","link":"https:\/\/garcar.at\/sk\/skleroterapia-pavucich-zil\/","title":{"rendered":"Skleroterapia pav\u00fa\u010d\u00edch \u017e\u00edl"},"content":{"rendered":"<p>[et_pb_section fb_built=&#8220;1&#8243; custom_padding_last_edited=&#8220;on|phone&#8220; disabled_on=&#8220;on|on|off&#8220; _builder_version=&#8220;4.16&#8243; _module_preset=&#8220;default&#8220; background_enable_color=&#8220;off&#8220; background_image=&#8220;https:\/\/garcar.at\/wp-content\/uploads\/2022\/01\/Besenreiser-Sklerosierung.png&#8220; custom_padding=&#8220;52.5vh||26.5vh||false|false&#8220; custom_padding_tablet=&#8220;70px||70px||true|false&#8220; custom_padding_phone=&#8220;50px||50px||false|false&#8220; global_colors_info=&#8220;{}&#8220;][et_pb_row column_structure=&#8220;1_2,1_2&#8243; use_custom_gutter=&#8220;on&#8220; gutter_width=&#8220;1&#8243; make_equal=&#8220;on&#8220; _builder_version=&#8220;4.16&#8243; _module_preset=&#8220;default&#8220; max_width=&#8220;80%&#8220; custom_padding=&#8220;1px||1px||true|false&#8220; global_colors_info=&#8220;{}&#8220;][et_pb_column type=&#8220;1_2&#8243; _builder_version=&#8220;4.16&#8243; _module_preset=&#8220;default&#8220; custom_padding=&#8220;17vh||||false|false&#8220; custom_padding_tablet=&#8220;0vh||||false|false&#8220; custom_padding_phone=&#8220;0vh||||false|false&#8220; custom_padding_last_edited=&#8220;on|phone&#8220; animation_style=&#8220;slide&#8220; animation_direction=&#8220;top&#8220; animation_speed_curve=&#8220;ease&#8220; global_colors_info=&#8220;{}&#8220;][\/et_pb_column][et_pb_column type=&#8220;1_2&#8243; _builder_version=&#8220;4.16&#8243; _module_preset=&#8220;default&#8220; global_colors_info=&#8220;{}&#8220;][et_pb_text _builder_version=&#8220;4.27.4&#8243; _module_preset=&#8220;default&#8220; header_font=&#8220;Sora|600|||||||&#8220; header_text_align=&#8220;center&#8220; header_text_color=&#8220;#efc55e&#8220; header_font_size=&#8220;9vh&#8220; header_letter_spacing=&#8220;1px&#8220; header_line_height=&#8220;1.2em&#8220; custom_margin=&#8220;-6.5vh||||false|false&#8220; custom_margin_tablet=&#8220;0vh||||false|false&#8220; custom_margin_phone=&#8220;0vh||||false|false&#8220; custom_margin_last_edited=&#8220;on|phone&#8220; hover_enabled=&#8220;0&#8243; header_font_size_tablet=&#8220;100px&#8220; header_font_size_phone=&#8220;50px&#8220; header_font_size_last_edited=&#8220;on|phone&#8220; header_letter_spacing_tablet=&#8220;0vh&#8220; header_letter_spacing_phone=&#8220;0vh&#8220; header_letter_spacing_last_edited=&#8220;on|phone&#8220; global_colors_info=&#8220;{}&#8220; sticky_enabled=&#8220;0&#8243;]<\/p>\n<h1>Skleroterapia pav\u00fa\u010dkov\u00fdch \u017eiliek<\/h1>\n<p>[\/et_pb_text][\/et_pb_column][\/et_pb_row][\/et_pb_section][et_pb_section fb_built=&#8220;1&#8243; disabled_on=&#8220;off|off|on&#8220; _builder_version=&#8220;4.16&#8243; _module_preset=&#8220;default&#8220; custom_padding=&#8220;1px||0px|||&#8220; global_colors_info=&#8220;{}&#8220;][et_pb_row disabled_on=&#8220;off|off|on&#8220; _builder_version=&#8220;4.16&#8243; _module_preset=&#8220;default&#8220; background_color=&#8220;#011c3c&#8220; width=&#8220;100%&#8220; custom_padding=&#8220;140px||30px||false|&#8220; global_colors_info=&#8220;{}&#8220;][et_pb_column type=&#8220;4_4&#8243; _builder_version=&#8220;4.16&#8243; _module_preset=&#8220;default&#8220; global_colors_info=&#8220;{}&#8220;][et_pb_image src=&#8220;https:\/\/garcar.at\/wp-content\/uploads\/2022\/01\/Skleroterapia-pavu\u0301c\u030ci\u0301ch-z\u030ci\u0301l.png&#8220; title_text=&#8220;Skleroterapia pavu\u0301c\u030ci\u0301ch z\u030ci\u0301l&#8220; _builder_version=&#8220;4.16&#8243; _module_preset=&#8220;default&#8220; custom_margin=&#8220;0px||||false|false&#8220; custom_padding=&#8220;||||false|false&#8220; global_colors_info=&#8220;{}&#8220;][\/et_pb_image][\/et_pb_column][\/et_pb_row][\/et_pb_section][et_pb_section fb_built=&#8220;1&#8243; _builder_version=&#8220;4.16&#8243; custom_padding=&#8220;80px|0px|70px|0px|false|false&#8220; global_colors_info=&#8220;{}&#8220;][et_pb_row _builder_version=&#8220;4.16&#8243; _module_preset=&#8220;default&#8220; animation_style=&#8220;slide&#8220; animation_direction=&#8220;left&#8220; animation_delay=&#8220;500ms&#8220; global_colors_info=&#8220;{}&#8220;][et_pb_column type=&#8220;4_4&#8243; _builder_version=&#8220;4.16&#8243; _module_preset=&#8220;default&#8220; global_colors_info=&#8220;{}&#8220;][et_pb_text _builder_version=&#8220;4.16&#8243; _module_preset=&#8220;default&#8220; text_font=&#8220;|300|||||||&#8220; header_2_text_color=&#8220;#011c3c&#8220; header_3_text_color=&#8220;#efc55e&#8220; global_colors_info=&#8220;{}&#8220;]<\/p>\n<h2><b><strong>Terapia varik\u00f3zy pav\u00fa\u010d\u00edch \u017e\u00edl<\/strong><\/b><\/h2>\n<p>&nbsp;<\/p>\n<p>Pav\u00fa\u010dov\u00e9 \u017eily mo\u017eno lie\u010di\u0165 tekutou skleroterapiou (napr. Polidocanol), transkut\u00e1nnou r\u00e1diofrekven\u010dnou terapiou (napr. F-Care Systems TC 3000) alebo transkut\u00e1nnou laserovou terapiou (TCL). V porovnan\u00ed so skleroterapiou je laserov\u00e1 terapia menej \u00fa\u010dinn\u00e1, vy\u017eaduje si viac terapeutick\u00fdch seden\u00ed a je drah\u0161ia [61]. Existuj\u00fa v\u0161ak aj dobr\u00e9 indik\u00e1cie na laserov\u00fa terapiu, ako je alergia na skleroterapeutick\u00e9 l\u00e1tky, f\u00f3bia z injekci\u00ed alebo zlyhanie lie\u010dby po skleroterapii.<\/p>\n<p>[\/et_pb_text][\/et_pb_column][\/et_pb_row][\/et_pb_section]<\/p>\n","protected":false},"excerpt":{"rendered":"<p>Skleroterapia pav\u00fa\u010dkov\u00fdch \u017eiliekTerapia varik\u00f3zy pav\u00fa\u010d\u00edch \u017e\u00edl &nbsp; Pav\u00fa\u010dov\u00e9 \u017eily mo\u017eno lie\u010di\u0165 tekutou skleroterapiou (napr. Polidocanol), transkut\u00e1nnou r\u00e1diofrekven\u010dnou terapiou (napr. F-Care Systems TC 3000) alebo transkut\u00e1nnou laserovou terapiou (TCL). V porovnan\u00ed so skleroterapiou je laserov\u00e1 terapia menej \u00fa\u010dinn\u00e1, vy\u017eaduje si viac terapeutick\u00fdch seden\u00ed a je drah\u0161ia [61]. Existuj\u00fa v\u0161ak aj dobr\u00e9 indik\u00e1cie na laserov\u00fa terapiu, ako [&hellip;]<\/p>\n","protected":false},"author":1,"featured_media":0,"parent":0,"menu_order":0,"comment_status":"closed","ping_status":"closed","template":"","meta":{"_et_pb_use_builder":"on","_et_pb_old_content":"","_et_gb_content_width":"","footnotes":""},"class_list":["post-50298","page","type-page","status-publish","hentry"],"_links":{"self":[{"href":"https:\/\/garcar.at\/sk\/wp-json\/wp\/v2\/pages\/50298","targetHints":{"allow":["GET"]}}],"collection":[{"href":"https:\/\/garcar.at\/sk\/wp-json\/wp\/v2\/pages"}],"about":[{"href":"https:\/\/garcar.at\/sk\/wp-json\/wp\/v2\/types\/page"}],"author":[{"embeddable":true,"href":"https:\/\/garcar.at\/sk\/wp-json\/wp\/v2\/users\/1"}],"replies":[{"embeddable":true,"href":"https:\/\/garcar.at\/sk\/wp-json\/wp\/v2\/comments?post=50298"}],"version-history":[{"count":6,"href":"https:\/\/garcar.at\/sk\/wp-json\/wp\/v2\/pages\/50298\/revisions"}],"predecessor-version":[{"id":50901,"href":"https:\/\/garcar.at\/sk\/wp-json\/wp\/v2\/pages\/50298\/revisions\/50901"}],"wp:attachment":[{"href":"https:\/\/garcar.at\/sk\/wp-json\/wp\/v2\/media?parent=50298"}],"curies":[{"name":"wp","href":"https:\/\/api.w.org\/{rel}","templated":true}]}}