{"id":50312,"date":"2022-01-19T09:55:35","date_gmt":"2022-01-19T08:55:35","guid":{"rendered":"https:\/\/www.garcar.at\/kolagenova-terapia\/"},"modified":"2022-01-20T12:37:07","modified_gmt":"2022-01-20T11:37:07","slug":"kolagenova-terapia","status":"publish","type":"page","link":"https:\/\/garcar.at\/sk\/kolagenova-terapia\/","title":{"rendered":"Kolag\u00e9nov\u00e1 terapia"},"content":{"rendered":"<p>[et_pb_section fb_built=&#8220;1&#8243; custom_padding_last_edited=&#8220;on|phone&#8220; disabled_on=&#8220;on|on|off&#8220; _builder_version=&#8220;4.13.0&#8243; _module_preset=&#8220;default&#8220; background_enable_color=&#8220;off&#8220; background_image=&#8220;https:\/\/www.garcar.at\/wp-content\/uploads\/2022\/01\/kolagenotherpia.png&#8220; custom_padding=&#8220;52.5vh||26.5vh||false|false&#8220; custom_padding_tablet=&#8220;70px||70px||true|false&#8220; custom_padding_phone=&#8220;50px||50px||false|false&#8220; global_colors_info=&#8220;{}&#8220;][et_pb_row column_structure=&#8220;1_3,2_3&#8243; use_custom_gutter=&#8220;on&#8220; gutter_width=&#8220;1&#8243; make_equal=&#8220;on&#8220; _builder_version=&#8220;4.13.0&#8243; _module_preset=&#8220;default&#8220; max_width=&#8220;80%&#8220; custom_padding=&#8220;1px||1px||true|false&#8220; global_colors_info=&#8220;{}&#8220;][et_pb_column type=&#8220;1_3&#8243; _builder_version=&#8220;4.12.0&#8243; _module_preset=&#8220;default&#8220; custom_padding=&#8220;17vh||||false|false&#8220; custom_padding_tablet=&#8220;0vh||||false|false&#8220; custom_padding_phone=&#8220;0vh||||false|false&#8220; custom_padding_last_edited=&#8220;on|phone&#8220; animation_style=&#8220;slide&#8220; animation_direction=&#8220;top&#8220; animation_speed_curve=&#8220;ease&#8220; global_colors_info=&#8220;{}&#8220;][\/et_pb_column][et_pb_column type=&#8220;2_3&#8243; _builder_version=&#8220;4.12.0&#8243; _module_preset=&#8220;default&#8220; global_colors_info=&#8220;{}&#8220;][et_pb_text _builder_version=&#8220;4.13.0&#8243; _module_preset=&#8220;default&#8220; header_font=&#8220;Sora|600|||||||&#8220; header_text_align=&#8220;center&#8220; header_text_color=&#8220;#efc55e&#8220; header_font_size=&#8220;9vh&#8220; header_letter_spacing=&#8220;1px&#8220; header_line_height=&#8220;1.2em&#8220; custom_margin=&#8220;-6.5vh||||false|false&#8220; custom_margin_tablet=&#8220;0vh||||false|false&#8220; custom_margin_phone=&#8220;0vh||||false|false&#8220; custom_margin_last_edited=&#8220;on|phone&#8220; header_font_size_tablet=&#8220;100px&#8220; header_font_size_phone=&#8220;50px&#8220; header_font_size_last_edited=&#8220;on|phone&#8220; header_letter_spacing_tablet=&#8220;0vh&#8220; header_letter_spacing_phone=&#8220;0vh&#8220; header_letter_spacing_last_edited=&#8220;on|phone&#8220; global_colors_info=&#8220;{}&#8220;]<\/p>\n<h1>Kolag\u00e9nov\u00e1 terapia<\/h1>\n<p>[\/et_pb_text][\/et_pb_column][\/et_pb_row][\/et_pb_section][et_pb_section fb_built=&#8220;1&#8243; disabled_on=&#8220;off|off|on&#8220; _builder_version=&#8220;4.13.0&#8243; _module_preset=&#8220;default&#8220; custom_padding=&#8220;0px||0px|||&#8220; global_colors_info=&#8220;{}&#8220;][et_pb_row disabled_on=&#8220;off|off|on&#8220; _builder_version=&#8220;4.13.0&#8243; _module_preset=&#8220;default&#8220; background_color=&#8220;#011c3c&#8220; width=&#8220;100%&#8220; custom_padding=&#8220;170px||0px||false|&#8220; global_colors_info=&#8220;{}&#8220;][et_pb_column type=&#8220;4_4&#8243; _builder_version=&#8220;4.13.0&#8243; _module_preset=&#8220;default&#8220; global_colors_info=&#8220;{}&#8220;][et_pb_image src=&#8220;https:\/\/www.garcar.at\/wp-content\/uploads\/2022\/01\/kolagenova-terapia3.png&#8220; title_text=&#8220;kolagenova terapia3&#8243; _builder_version=&#8220;4.13.0&#8243; _module_preset=&#8220;default&#8220; custom_margin=&#8220;0px||||false|false&#8220; custom_padding=&#8220;||||false|false&#8220; global_colors_info=&#8220;{}&#8220;][\/et_pb_image][\/et_pb_column][\/et_pb_row][\/et_pb_section][et_pb_section fb_built=&#8220;1&#8243; custom_padding_last_edited=&#8220;on|phone&#8220; _builder_version=&#8220;4.13.0&#8243; custom_padding=&#8220;80px|0px|7px|0px|false|false&#8220; custom_padding_tablet=&#8220;80px|0px|7px|0px|false|false&#8220; custom_padding_phone=&#8220;30px|0px|0px|0px|false|false&#8220; hover_enabled=&#8220;0&#8243; global_colors_info=&#8220;{}&#8220; sticky_enabled=&#8220;0&#8243;][et_pb_row use_custom_gutter=&#8220;on&#8220; gutter_width=&#8220;2&#8243; custom_padding_last_edited=&#8220;on|phone&#8220; _builder_version=&#8220;4.13.0&#8243; _module_preset=&#8220;default&#8220; width_tablet=&#8220;&#8220; width_phone=&#8220;90%&#8220; width_last_edited=&#8220;on|phone&#8220; max_width_tablet=&#8220;&#8220; max_width_phone=&#8220;90%&#8220; max_width_last_edited=&#8220;on|phone&#8220; custom_margin_tablet=&#8220;&#8220; custom_margin_phone=&#8220;||0px||false|false&#8220; custom_margin_last_edited=&#8220;on|phone&#8220; custom_padding_tablet=&#8220;&#8220; custom_padding_phone=&#8220;||0px||false|false&#8220; animation_style=&#8220;slide&#8220; animation_direction=&#8220;left&#8220; animation_delay=&#8220;500ms&#8220; global_colors_info=&#8220;{}&#8220; max_width__hover_enabled=&#8220;off|desktop&#8220;][et_pb_column type=&#8220;4_4&#8243; _builder_version=&#8220;4.13.0&#8243; _module_preset=&#8220;default&#8220; global_colors_info=&#8220;{}&#8220;][et_pb_text _builder_version=&#8220;4.13.0&#8243; _module_preset=&#8220;default&#8220; text_font=&#8220;|300|||||||&#8220; header_2_text_color=&#8220;#011c3c&#8220; header_3_text_color=&#8220;#efc55e&#8220; global_colors_info=&#8220;{}&#8220;]<\/p>\n<p><span style=\"vertical-align: inherit;\">Lipozom\u00e1lny kolag\u00e9n Larens je svetov\u00fd unik\u00e1t. Kozmeceutikum sa tak d\u00e1 nazva\u0165 len preto, \u017ee je schopn\u00e9 prenikn\u00fa\u0165 hlboko do poko\u017eky. Preto s\u00fa produkty Larens Cosmeceutics tak\u00e9 \u00fa\u010dinn\u00e9 pri lie\u010dbe vr\u00e1sok, akn\u00e9 alebo len na zlep\u0161enie povrchu pleti. Ryb\u00ed kolag\u00e9n m\u00e1 podobn\u00fa \u0161trukt\u00faru ako \u013eudsk\u00fd kolag\u00e9n. Na rozdiel napr\u00edklad od hov\u00e4dzieho kolag\u00e9nu je pri z\u00edskavan\u00ed rybieho kolag\u00e9nu leg\u00e1lne mo\u017en\u00e1 aj extrakcia za studena. Rozdiel v kvalite kolag\u00e9nu pri spracovan\u00ed za tepla je ako medzi surov\u00fdm a varen\u00fdm vaj\u00ed\u010dkom. V\u0161etky produkty Larens obsahuj\u00fa iba organick\u00fd ryb\u00ed kolag\u00e9n extrahovan\u00fd za studena a produkty ozna\u010den\u00e9 \u201eOrganic+\u201c s\u00fa z 99,8 % \u2013 100 % pr\u00edrodn\u00e9 produkty a \u017eiadny produkt Larens neobsahuje menej ako 85 % pr\u00edrodn\u00e9ho obsahu. V E\u00da m\u00f4\u017ee by\u0165 ka\u017ed\u00fd produkt s viac ako 20% pr\u00edrodn\u00fdm obsahom naz\u00fdvan\u00fd pr\u00edrodn\u00fdm produktom &#8211; op\u00e4\u0165 zrejm\u00fd rozdiel oproti produktom Larens. Kolag\u00e9n je najd\u00f4le\u017eitej\u0161\u00edm stavebn\u00fdm kame\u0148om pre kvalitu pleti a stimul\u00e1cia tvorby kolag\u00e9nu je v s\u00fa\u010dasnosti d\u00f4le\u017eit\u00fdm trendom v estetickej medic\u00edne na omladenie pleti. Molekula kolag\u00e9nu je pr\u00edli\u0161 ve\u013ek\u00e1 na to, aby pre\u0161la \u0161trukt\u00farou ko\u017ee. Jedinou mo\u017enos\u0165ou je zabudovanie do lipoz\u00f3mov, ktor\u00e9 maj\u00fa rovnak\u00fa \u0161trukt\u00faru ako membr\u00e1na ko\u017en\u00fdch buniek. V\u0161etky kolag\u00e9nov\u00e9 produkty s\u00fa \u00fa\u010dinn\u00e9 aj na povrchu na ochranu a hydrat\u00e1ciu poko\u017eky, no pri hlbokom zapracovan\u00ed do poko\u017eky je \u00fa\u010dinok kolag\u00e9nu na poko\u017eku mnohon\u00e1sobne v\u00e4\u010d\u0161\u00ed. A kombin\u00e1cia s \u010fal\u0161\u00edmi met\u00f3dami stimul\u00e1cie kolag\u00e9nu, ako s\u00fa injekcie v\u00fdplne Radiesse, mezoterapia a Jett Plasma Lift Medical, prin\u00e1\u0161a e\u0161te lep\u0161ie v\u00fdsledky pri omladzovan\u00ed pleti. Nech\u00fdbaj\u00fa ani peptidov\u00e9 n\u00e1poje ako aj vitam\u00edny a v\u00fd\u017eivov\u00e9 doplnky, ktor\u00e9 podporuj\u00fa tvorbu kolag\u00e9nu v tele.<\/span><\/p>\n<p><span style=\"vertical-align: inherit;\">Existuj\u00fa profesion\u00e1lne aj dom\u00e1ce produkty Larens. Pr\u00edstup v\u0161ak maj\u00fa len odborn\u00ed zamestnanci v medic\u00edne \u010di kozmetike, ktor\u00ed by mali najsk\u00f4r poko\u017eku prezrie\u0165 a a\u017e potom odporu\u010di\u0165 produkt. Tu m\u00e1te tie\u017e mo\u017enos\u0165 objedna\u0165 si dom\u00e1ce produkty sami po konzult\u00e1cii so mnou.<\/span><\/p>\n<p>[\/et_pb_text][\/et_pb_column][\/et_pb_row][\/et_pb_section][et_pb_section fb_built=&#8220;1&#8243; custom_padding_last_edited=&#8220;on|phone&#8220; _builder_version=&#8220;4.13.0&#8243; _module_preset=&#8220;default&#8220; custom_padding=&#8220;21px|||||&#8220; custom_padding_tablet=&#8220;21px|||||&#8220; custom_padding_phone=&#8220;20px||10px||false|false&#8220; global_colors_info=&#8220;{}&#8220;][et_pb_row column_structure=&#8220;1_3,1_3,1_3&#8243; use_custom_gutter=&#8220;on&#8220; gutter_width=&#8220;2&#8243; _builder_version=&#8220;4.13.0&#8243; _module_preset=&#8220;default&#8220; width_tablet=&#8220;&#8220; width_phone=&#8220;90%&#8220; width_last_edited=&#8220;on|phone&#8220; max_width_tablet=&#8220;&#8220; max_width_phone=&#8220;90%&#8220; max_width_last_edited=&#8220;on|phone&#8220; animation_style=&#8220;slide&#8220; animation_direction=&#8220;left&#8220; animation_delay=&#8220;750ms&#8220; global_colors_info=&#8220;{}&#8220;][et_pb_column type=&#8220;1_3&#8243; _builder_version=&#8220;4.13.0&#8243; _module_preset=&#8220;default&#8220; global_colors_info=&#8220;{}&#8220;][et_pb_blurb title=&#8220;LipoColl Serum 30 ml&#8220; url=&#8220;https:\/\/wellu.eu\/shop\/products\/item\/77\/10623\/18976,lipocoll-serum.html&#8220; image=&#8220;https:\/\/www.garcar.at\/wp-content\/uploads\/2022\/01\/157a6045b7482986c033b88028b29c02b84a52bd-img.webp&#8220; _builder_version=&#8220;4.13.0&#8243; _module_preset=&#8220;default&#8220; header_text_align=&#8220;center&#8220; header_font_size=&#8220;20px&#8220; body_text_align=&#8220;center&#8220; body_font_size=&#8220;17px&#8220; body_line_height=&#8220;2.4em&#8220; image_icon_custom_padding=&#8220;25px||25px||true|false&#8220; link_option_url=&#8220;https:\/\/wellu.eu\/shop\/products\/item\/77\/10623\/18976,lipocoll-serum.html&#8220; header_font_size_tablet=&#8220;20px&#8220; header_font_size_phone=&#8220;20px&#8220; header_font_size_last_edited=&#8220;on|desktop&#8220; border_radii_image=&#8220;on|25px|25px|25px|25px&#8220; border_color_all_image=&#8220;#011c3c&#8220; box_shadow_style_image=&#8220;preset1&#8243; global_colors_info=&#8220;{}&#8220;]<\/p>\n<p><a href=\"https:\/\/wellu.eu\/shop\/products\/item\/77\/10623\/18976,lipocoll-serum.html\"><strong><span style=\"text-decoration: underline;\">K\u00daPI\u0164<\/span><\/strong><\/a><\/p>\n<p>[\/et_pb_blurb][\/et_pb_column][et_pb_column type=&#8220;1_3&#8243; _builder_version=&#8220;4.13.0&#8243; _module_preset=&#8220;default&#8220; global_colors_info=&#8220;{}&#8220;][et_pb_blurb title=&#8220;Face Gel 50 ml&#8220; url=&#8220;https:\/\/wellu.eu\/shop\/products\/item\/77\/10571\/18646,face-gel.html&#8220; image=&#8220;https:\/\/www.garcar.at\/wp-content\/uploads\/2022\/01\/e633e49bfd937a08ba1358bdf55e5af447728507-img.webp&#8220; _builder_version=&#8220;4.13.0&#8243; _module_preset=&#8220;default&#8220; header_text_align=&#8220;center&#8220; header_font_size=&#8220;20px&#8220; body_text_align=&#8220;center&#8220; body_font_size=&#8220;17px&#8220; body_line_height=&#8220;2.4em&#8220; image_icon_custom_padding=&#8220;25px||25px||true|false&#8220; link_option_url=&#8220;https:\/\/wellu.eu\/shop\/products\/item\/77\/10571\/18646,face-gel.html&#8220; header_font_size_tablet=&#8220;20px&#8220; header_font_size_phone=&#8220;20px&#8220; header_font_size_last_edited=&#8220;on|desktop&#8220; border_radii_image=&#8220;on|25px|25px|25px|25px&#8220; border_color_all_image=&#8220;#011c3c&#8220; box_shadow_style_image=&#8220;preset1&#8243; global_colors_info=&#8220;{}&#8220;]<\/p>\n<p><a href=\"https:\/\/wellu.eu\/shop\/products\/item\/77\/10571\/18646,face-gel.html\"><strong><span style=\"text-decoration: underline;\">K\u00daPI\u0164<\/span><\/strong><\/a><\/p>\n<p>[\/et_pb_blurb][\/et_pb_column][et_pb_column type=&#8220;1_3&#8243; _builder_version=&#8220;4.13.0&#8243; _module_preset=&#8220;default&#8220; global_colors_info=&#8220;{}&#8220;][et_pb_blurb title=&#8220;Silver Face Gel 50 ml&#8220; url=&#8220;https:\/\/wellu.eu\/shop\/products\/item\/77\/10584\/18736,silver-face-gel.html&#8220; image=&#8220;https:\/\/www.garcar.at\/wp-content\/uploads\/2022\/01\/bf9552f3953c4c32b1fa0dc9b8c338c89e701fd9-img.webp&#8220; _builder_version=&#8220;4.13.0&#8243; _module_preset=&#8220;default&#8220; header_text_align=&#8220;center&#8220; header_font_size=&#8220;20px&#8220; body_text_align=&#8220;center&#8220; body_font_size=&#8220;17px&#8220; body_line_height=&#8220;2.4em&#8220; image_icon_custom_padding=&#8220;25px||25px||true|false&#8220; link_option_url=&#8220;https:\/\/wellu.eu\/shop\/products\/item\/77\/10584\/18736,silver-face-gel.html&#8220; header_font_size_tablet=&#8220;20px&#8220; header_font_size_phone=&#8220;20px&#8220; header_font_size_last_edited=&#8220;on|desktop&#8220; border_radii_image=&#8220;on|25px|25px|25px|25px&#8220; border_color_all_image=&#8220;#011c3c&#8220; box_shadow_style_image=&#8220;preset1&#8243; global_colors_info=&#8220;{}&#8220;]<\/p>\n<p><a href=\"https:\/\/wellu.eu\/shop\/products\/item\/77\/10584\/18736,silver-face-gel.html\"><strong><span style=\"text-decoration: underline;\">K\u00daPI\u0164<\/span><\/strong><\/a><\/p>\n<p>[\/et_pb_blurb][\/et_pb_column][\/et_pb_row][et_pb_row column_structure=&#8220;1_3,1_3,1_3&#8243; use_custom_gutter=&#8220;on&#8220; gutter_width=&#8220;2&#8243; _builder_version=&#8220;4.13.0&#8243; _module_preset=&#8220;default&#8220; width_tablet=&#8220;&#8220; width_phone=&#8220;90%&#8220; width_last_edited=&#8220;on|phone&#8220; max_width_tablet=&#8220;&#8220; max_width_phone=&#8220;90%&#8220; max_width_last_edited=&#8220;on|phone&#8220; animation_style=&#8220;slide&#8220; animation_direction=&#8220;left&#8220; animation_delay=&#8220;1000ms&#8220; global_colors_info=&#8220;{}&#8220;][et_pb_column type=&#8220;1_3&#8243; _builder_version=&#8220;4.13.0&#8243; _module_preset=&#8220;default&#8220; global_colors_info=&#8220;{}&#8220;][et_pb_blurb title=&#8220;Repair Gel 100 ml&#8220; url=&#8220;https:\/\/wellu.eu\/shop\/products\/item\/77\/5284\/12406,repair-gel.html&#8220; image=&#8220;https:\/\/www.garcar.at\/wp-content\/uploads\/2022\/01\/33af7eecb5ea73f489aafdca31540efe281298c7-img.webp&#8220; _builder_version=&#8220;4.13.0&#8243; _module_preset=&#8220;default&#8220; header_text_align=&#8220;center&#8220; header_font_size=&#8220;20px&#8220; body_text_align=&#8220;center&#8220; body_font_size=&#8220;17px&#8220; body_line_height=&#8220;2.4em&#8220; image_icon_custom_padding=&#8220;25px||25px||true|false&#8220; link_option_url=&#8220;https:\/\/wellu.eu\/shop\/products\/item\/77\/5284\/12406,repair-gel.html&#8220; header_font_size_tablet=&#8220;20px&#8220; header_font_size_phone=&#8220;20px&#8220; header_font_size_last_edited=&#8220;on|desktop&#8220; border_radii_image=&#8220;on|25px|25px|25px|25px&#8220; border_color_all_image=&#8220;#011c3c&#8220; box_shadow_style_image=&#8220;preset1&#8243; global_colors_info=&#8220;{}&#8220;]<\/p>\n<p><a href=\"https:\/\/wellu.eu\/shop\/products\/item\/77\/5284\/12406,repair-gel.html\"><strong><span style=\"text-decoration: underline;\">K\u00daPI\u0164<\/span><\/strong><\/a><\/p>\n<p>[\/et_pb_blurb][\/et_pb_column][et_pb_column type=&#8220;1_3&#8243; _builder_version=&#8220;4.13.0&#8243; _module_preset=&#8220;default&#8220; global_colors_info=&#8220;{}&#8220;][et_pb_blurb title=&#8220;Repair Gel 200 ml&#8220; url=&#8220;https:\/\/wellu.eu\/shop\/products\/item\/77\/10307\/16967,repair-gel.html&#8220; image=&#8220;https:\/\/www.garcar.at\/wp-content\/uploads\/2022\/01\/8e9d0ffbf33295288728cc050c4a879a575cbf87-img.webp&#8220; _builder_version=&#8220;4.13.0&#8243; _module_preset=&#8220;default&#8220; header_text_align=&#8220;center&#8220; header_font_size=&#8220;20px&#8220; body_text_align=&#8220;center&#8220; body_font_size=&#8220;17px&#8220; body_line_height=&#8220;2.4em&#8220; image_icon_custom_margin=&#8220;||||false|false&#8220; image_icon_custom_padding=&#8220;25px||25px||true|false&#8220; link_option_url=&#8220;https:\/\/wellu.eu\/shop\/products\/item\/77\/10307\/16967,repair-gel.html&#8220; header_font_size_tablet=&#8220;20px&#8220; header_font_size_phone=&#8220;20px&#8220; header_font_size_last_edited=&#8220;on|desktop&#8220; border_radii_image=&#8220;on|25px|25px|25px|25px&#8220; border_color_all_image=&#8220;#011c3c&#8220; box_shadow_style_image=&#8220;preset1&#8243; global_colors_info=&#8220;{}&#8220;]<\/p>\n<p><a href=\"https:\/\/wellu.eu\/shop\/products\/item\/77\/10307\/16967,repair-gel.html\"><strong><span style=\"text-decoration: underline;\">K\u00daPI\u0164<\/span><\/strong><\/a><\/p>\n<p>[\/et_pb_blurb][\/et_pb_column][et_pb_column type=&#8220;1_3&#8243; _builder_version=&#8220;4.13.0&#8243; _module_preset=&#8220;default&#8220; global_colors_info=&#8220;{}&#8220;][et_pb_blurb title=&#8220;Nails &#038; More Repair Mask 16 ml&#8220; url=&#8220;https:\/\/wellu.eu\/shop\/products\/item\/77\/10173\/16171,nails-more-repair-mask.html&#8220; image=&#8220;https:\/\/www.garcar.at\/wp-content\/uploads\/2022\/01\/5edc48bd4554c049311ff76879a1ba218f9e6237-img.webp&#8220; _builder_version=&#8220;4.13.0&#8243; _module_preset=&#8220;default&#8220; header_text_align=&#8220;center&#8220; header_font_size=&#8220;20px&#8220; body_text_align=&#8220;center&#8220; body_font_size=&#8220;17px&#8220; body_line_height=&#8220;2.4em&#8220; image_icon_custom_padding=&#8220;25px||25px||true|false&#8220; link_option_url=&#8220;https:\/\/wellu.eu\/shop\/products\/item\/77\/10173\/16171,nails-more-repair-mask.html&#8220; header_font_size_tablet=&#8220;20px&#8220; header_font_size_phone=&#8220;20px&#8220; header_font_size_last_edited=&#8220;on|desktop&#8220; border_radii_image=&#8220;on|25px|25px|25px|25px&#8220; border_color_all_image=&#8220;#011c3c&#8220; box_shadow_style_image=&#8220;preset1&#8243; global_colors_info=&#8220;{}&#8220;]<\/p>\n<p><a href=\"https:\/\/wellu.eu\/shop\/products\/item\/77\/10173\/16171,nails-more-repair-mask.html\"><strong><span style=\"text-decoration: underline;\">K\u00daPI\u0164<\/span><\/strong><\/a><\/p>\n<p>[\/et_pb_blurb][\/et_pb_column][\/et_pb_row][\/et_pb_section]<\/p>\n","protected":false},"excerpt":{"rendered":"<p>Kolag\u00e9nov\u00e1 terapiaLipozom\u00e1lny kolag\u00e9n Larens je svetov\u00fd unik\u00e1t. Kozmeceutikum sa tak d\u00e1 nazva\u0165 len preto, \u017ee je schopn\u00e9 prenikn\u00fa\u0165 hlboko do poko\u017eky. Preto s\u00fa produkty Larens Cosmeceutics tak\u00e9 \u00fa\u010dinn\u00e9 pri lie\u010dbe vr\u00e1sok, akn\u00e9 alebo len na zlep\u0161enie povrchu pleti. Ryb\u00ed kolag\u00e9n m\u00e1 podobn\u00fa \u0161trukt\u00faru ako \u013eudsk\u00fd kolag\u00e9n. Na rozdiel napr\u00edklad od hov\u00e4dzieho kolag\u00e9nu je pri z\u00edskavan\u00ed [&hellip;]<\/p>\n","protected":false},"author":1,"featured_media":0,"parent":0,"menu_order":0,"comment_status":"closed","ping_status":"closed","template":"","meta":{"_et_pb_use_builder":"on","_et_pb_old_content":"","_et_gb_content_width":"","footnotes":""},"class_list":["post-50312","page","type-page","status-publish","hentry"],"_links":{"self":[{"href":"https:\/\/garcar.at\/sk\/wp-json\/wp\/v2\/pages\/50312","targetHints":{"allow":["GET"]}}],"collection":[{"href":"https:\/\/garcar.at\/sk\/wp-json\/wp\/v2\/pages"}],"about":[{"href":"https:\/\/garcar.at\/sk\/wp-json\/wp\/v2\/types\/page"}],"author":[{"embeddable":true,"href":"https:\/\/garcar.at\/sk\/wp-json\/wp\/v2\/users\/1"}],"replies":[{"embeddable":true,"href":"https:\/\/garcar.at\/sk\/wp-json\/wp\/v2\/comments?post=50312"}],"version-history":[{"count":15,"href":"https:\/\/garcar.at\/sk\/wp-json\/wp\/v2\/pages\/50312\/revisions"}],"predecessor-version":[{"id":50653,"href":"https:\/\/garcar.at\/sk\/wp-json\/wp\/v2\/pages\/50312\/revisions\/50653"}],"wp:attachment":[{"href":"https:\/\/garcar.at\/sk\/wp-json\/wp\/v2\/media?parent=50312"}],"curies":[{"name":"wp","href":"https:\/\/api.w.org\/{rel}","templated":true}]}}