{"id":50315,"date":"2022-01-19T09:56:18","date_gmt":"2022-01-19T08:56:18","guid":{"rendered":"https:\/\/www.garcar.at\/krcove-zily\/"},"modified":"2022-01-19T22:57:18","modified_gmt":"2022-01-19T21:57:18","slug":"krcove-zily","status":"publish","type":"page","link":"https:\/\/garcar.at\/sk\/krcove-zily\/","title":{"rendered":"K\u0155\u010dov\u00e9 \u017eily"},"content":{"rendered":"<p>[et_pb_section fb_built=&#8220;1&#8243; custom_padding_last_edited=&#8220;on|phone&#8220; disabled_on=&#8220;on|on|off&#8220; _builder_version=&#8220;4.13.0&#8243; _module_preset=&#8220;default&#8220; background_enable_color=&#8220;off&#8220; background_image=&#8220;https:\/\/www.garcar.at\/wp-content\/uploads\/2022\/01\/Krampfadern.png&#8220; custom_padding=&#8220;52.5vh||28.5vh||false|false&#8220; custom_padding_tablet=&#8220;70px||70px||true|false&#8220; custom_padding_phone=&#8220;50px||50px||false|false&#8220; global_colors_info=&#8220;{}&#8220;][et_pb_row column_structure=&#8220;1_2,1_2&#8243; use_custom_gutter=&#8220;on&#8220; gutter_width=&#8220;1&#8243; make_equal=&#8220;on&#8220; _builder_version=&#8220;4.13.0&#8243; _module_preset=&#8220;default&#8220; max_width=&#8220;80%&#8220; custom_padding=&#8220;1px||1px||true|false&#8220; global_colors_info=&#8220;{}&#8220;][et_pb_column type=&#8220;1_2&#8243; _builder_version=&#8220;4.12.0&#8243; _module_preset=&#8220;default&#8220; custom_padding=&#8220;17vh||||false|false&#8220; custom_padding_tablet=&#8220;0vh||||false|false&#8220; custom_padding_phone=&#8220;0vh||||false|false&#8220; custom_padding_last_edited=&#8220;on|phone&#8220; animation_style=&#8220;slide&#8220; animation_direction=&#8220;top&#8220; animation_speed_curve=&#8220;ease&#8220; global_colors_info=&#8220;{}&#8220;][\/et_pb_column][et_pb_column type=&#8220;1_2&#8243; _builder_version=&#8220;4.12.0&#8243; _module_preset=&#8220;default&#8220; global_colors_info=&#8220;{}&#8220;][et_pb_text _builder_version=&#8220;4.13.0&#8243; _module_preset=&#8220;default&#8220; header_font=&#8220;Sora|600|||||||&#8220; header_text_align=&#8220;center&#8220; header_text_color=&#8220;#efc55e&#8220; header_font_size=&#8220;9vh&#8220; header_letter_spacing=&#8220;1px&#8220; header_line_height=&#8220;1.2em&#8220; custom_margin=&#8220;-6.5vh||||false|false&#8220; custom_margin_tablet=&#8220;0vh||||false|false&#8220; custom_margin_phone=&#8220;0vh||||false|false&#8220; custom_margin_last_edited=&#8220;on|phone&#8220; header_font_size_tablet=&#8220;100px&#8220; header_font_size_phone=&#8220;50px&#8220; header_font_size_last_edited=&#8220;on|phone&#8220; header_letter_spacing_tablet=&#8220;0vh&#8220; header_letter_spacing_phone=&#8220;0vh&#8220; header_letter_spacing_last_edited=&#8220;on|phone&#8220; global_colors_info=&#8220;{}&#8220;]<\/p>\n<h1>K\u0155\u010dov\u00e9 \u017eily<\/h1>\n<p>[\/et_pb_text][\/et_pb_column][\/et_pb_row][\/et_pb_section][et_pb_section fb_built=&#8220;1&#8243; disabled_on=&#8220;off|off|on&#8220; _builder_version=&#8220;4.13.0&#8243; _module_preset=&#8220;default&#8220; custom_padding=&#8220;0px||0px|||&#8220; locked=&#8220;off&#8220; global_colors_info=&#8220;{}&#8220;][et_pb_row disabled_on=&#8220;off|off|on&#8220; _builder_version=&#8220;4.13.0&#8243; _module_preset=&#8220;default&#8220; background_color=&#8220;#011c3c&#8220; width=&#8220;100%&#8220; custom_padding=&#8220;140px||30px||false|&#8220; global_colors_info=&#8220;{}&#8220;][et_pb_column type=&#8220;4_4&#8243; _builder_version=&#8220;4.13.0&#8243; _module_preset=&#8220;default&#8220; global_colors_info=&#8220;{}&#8220;][et_pb_image src=&#8220;https:\/\/www.garcar.at\/wp-content\/uploads\/2022\/01\/Kr\u0301c\u030cove\u0301-z\u030cily.png&#8220; title_text=&#8220;Kr\u0301c\u030cove\u0301 z\u030cily&#8220; _builder_version=&#8220;4.13.0&#8243; _module_preset=&#8220;default&#8220; custom_margin=&#8220;0px||||false|false&#8220; custom_padding=&#8220;||||false|false&#8220; global_colors_info=&#8220;{}&#8220;][\/et_pb_image][\/et_pb_column][\/et_pb_row][\/et_pb_section][et_pb_section fb_built=&#8220;1&#8243; _builder_version=&#8220;3.22.4&#8243; custom_padding=&#8220;80px|0px|80px|0px|true|false&#8220; global_colors_info=&#8220;{}&#8220; theme_builder_area=&#8220;post_content&#8220;][et_pb_row column_structure=&#8220;1_2,1_2&#8243; _builder_version=&#8220;4.13.0&#8243; _module_preset=&#8220;default&#8220; global_colors_info=&#8220;{}&#8220; theme_builder_area=&#8220;post_content&#8220;][et_pb_column type=&#8220;1_2&#8243; _builder_version=&#8220;4.13.0&#8243; _module_preset=&#8220;default&#8220; global_colors_info=&#8220;{}&#8220; theme_builder_area=&#8220;post_content&#8220;][et_pb_image src=&#8220;https:\/\/www.garcar.at\/wp-content\/uploads\/2022\/01\/Skleroterapia-pavu\u0301c\u030ci\u0301ch-z\u030ci\u0301l1.png&#8220; title_text=&#8220;Skleroterapia pavu\u0301c\u030ci\u0301ch z\u030ci\u0301l1&#8243; url=&#8220;https:\/\/www.garcar.at\/sk\/skleroterapia-pavucich-zil\/&#8220; _builder_version=&#8220;4.13.0&#8243; _module_preset=&#8220;default&#8220; border_radii=&#8220;on|25px|25px|25px|25px&#8220; box_shadow_style=&#8220;preset1&#8243; box_shadow_spread=&#8220;10px&#8220; global_colors_info=&#8220;{}&#8220; transform_styles__hover_enabled=&#8220;on|hover&#8220; transform_scale__hover_enabled=&#8220;on|hover&#8220; transform_translate__hover_enabled=&#8220;on|desktop&#8220; transform_rotate__hover_enabled=&#8220;on|desktop&#8220; transform_skew__hover_enabled=&#8220;on|desktop&#8220; transform_origin__hover_enabled=&#8220;on|desktop&#8220; transform_scale__hover=&#8220;103%|103%&#8220; theme_builder_area=&#8220;post_content&#8220;][\/et_pb_image][et_pb_image src=&#8220;https:\/\/www.garcar.at\/wp-content\/uploads\/2022\/01\/Oznac\u030cenie-pred-opera\u0301ciou.png&#8220; title_text=&#8220;Oznac\u030cenie pred opera\u0301ciou&#8220; url=&#8220;https:\/\/www.garcar.at\/sk\/oznacenie-pred-operaciou\/&#8220; _builder_version=&#8220;4.13.0&#8243; _module_preset=&#8220;default&#8220; border_radii=&#8220;on|25px|25px|25px|25px&#8220; box_shadow_style=&#8220;preset1&#8243; box_shadow_spread=&#8220;10px&#8220; global_colors_info=&#8220;{}&#8220; transform_styles__hover_enabled=&#8220;on|hover&#8220; transform_scale__hover_enabled=&#8220;on|hover&#8220; transform_translate__hover_enabled=&#8220;on|desktop&#8220; transform_rotate__hover_enabled=&#8220;on|desktop&#8220; transform_skew__hover_enabled=&#8220;on|desktop&#8220; transform_origin__hover_enabled=&#8220;on|desktop&#8220; transform_scale__hover=&#8220;103%|103%&#8220; theme_builder_area=&#8220;post_content&#8220;][\/et_pb_image][\/et_pb_column][et_pb_column type=&#8220;1_2&#8243; _builder_version=&#8220;4.13.0&#8243; _module_preset=&#8220;default&#8220; global_colors_info=&#8220;{}&#8220; theme_builder_area=&#8220;post_content&#8220;][et_pb_image src=&#8220;https:\/\/www.garcar.at\/wp-content\/uploads\/2022\/01\/Penova\u0301-skleroterapia-Alternati\u0301va-k-chirurgii-1.png&#8220; title_text=&#8220;Penova\u0301 skleroterapia Alternati\u0301va k chirurgii&#8220; url=&#8220;https:\/\/www.garcar.at\/sk\/penova-skleroterapia-alternativa-k-chirurgii\/&#8220; _builder_version=&#8220;4.13.0&#8243; _module_preset=&#8220;default&#8220; border_radii=&#8220;on|25px|25px|25px|25px&#8220; box_shadow_style=&#8220;preset1&#8243; box_shadow_spread=&#8220;10px&#8220; global_colors_info=&#8220;{}&#8220; transform_styles__hover_enabled=&#8220;on|hover&#8220; transform_scale__hover_enabled=&#8220;on|hover&#8220; transform_translate__hover_enabled=&#8220;on|desktop&#8220; transform_rotate__hover_enabled=&#8220;on|desktop&#8220; transform_skew__hover_enabled=&#8220;on|desktop&#8220; transform_origin__hover_enabled=&#8220;on|desktop&#8220; transform_scale__hover=&#8220;103%|103%&#8220; theme_builder_area=&#8220;post_content&#8220;][\/et_pb_image][\/et_pb_column][\/et_pb_row][\/et_pb_section]<\/p>\n","protected":false},"excerpt":{"rendered":"<p>K\u0155\u010dov\u00e9 \u017eily<\/p>\n","protected":false},"author":1,"featured_media":0,"parent":0,"menu_order":0,"comment_status":"closed","ping_status":"closed","template":"","meta":{"_et_pb_use_builder":"on","_et_pb_old_content":"","_et_gb_content_width":"","footnotes":""},"class_list":["post-50315","page","type-page","status-publish","hentry"],"_links":{"self":[{"href":"https:\/\/garcar.at\/sk\/wp-json\/wp\/v2\/pages\/50315","targetHints":{"allow":["GET"]}}],"collection":[{"href":"https:\/\/garcar.at\/sk\/wp-json\/wp\/v2\/pages"}],"about":[{"href":"https:\/\/garcar.at\/sk\/wp-json\/wp\/v2\/types\/page"}],"author":[{"embeddable":true,"href":"https:\/\/garcar.at\/sk\/wp-json\/wp\/v2\/users\/1"}],"replies":[{"embeddable":true,"href":"https:\/\/garcar.at\/sk\/wp-json\/wp\/v2\/comments?post=50315"}],"version-history":[{"count":4,"href":"https:\/\/garcar.at\/sk\/wp-json\/wp\/v2\/pages\/50315\/revisions"}],"predecessor-version":[{"id":50516,"href":"https:\/\/garcar.at\/sk\/wp-json\/wp\/v2\/pages\/50315\/revisions\/50516"}],"wp:attachment":[{"href":"https:\/\/garcar.at\/sk\/wp-json\/wp\/v2\/media?parent=50315"}],"curies":[{"name":"wp","href":"https:\/\/api.w.org\/{rel}","templated":true}]}}